{"id":16188,"date":"2021-04-14T08:33:29","date_gmt":"2021-04-14T06:33:29","guid":{"rendered":"https:\/\/www.cofgipuzkoa.eus\/16092-2\/"},"modified":"2026-02-13T14:20:08","modified_gmt":"2026-02-13T13:20:08","slug":"formakuntza-bideoak","status":"publish","type":"page","link":"https:\/\/www.cofgipuzkoa.eus\/eu\/formakuntza\/formakuntza-bideoak\/","title":{"rendered":"Formakuntza bideoak"},"content":{"rendered":"<div class=\"wpb-content-wrapper\"><p>[vc_section full_width=&#8221;stretch_row&#8221; el_id=&#8221;seccionDocumentos&#8221; css=&#8221;.vc_custom_1601458837173{background: #fdf4fb url(https:\/\/www.cofgipuzkoa.eus\/wp-content\/uploads\/2020\/09\/deco-section-rosa.jpg?id=14292) !important;background-position: center !important;background-repeat: no-repeat !important;background-size: cover !important;}&#8221;][vc_row text_color=&#8221;custom&#8221; custom_text_color=&#8221;#7a1f5e&#8221; text_align=&#8221;center&#8221; class=&#8221;morado&#8221;][vc_column width=&#8221;1\/1&#8243;]<h2 class=\"headline font-inherit fontsize-l fontweight-inherit lh-inherit align-center transform-inherit \" style=\"margin: 0 0 20px 0;\">V\u00cdDEOS FORMACI\u00d3N<\/h2>[vc_column_text]<\/p>\n<p style=\"text-align: left;\"><a href=\"https:\/\/attendee.gotowebinar.com\/recording\/8175127780523857837\" target=\"_blank\" rel=\"noopener\">TRAMITACI\u00d3N ELECTR\u00d3NICA EXPEDIENTES<\/a><\/p>\n<p style=\"text-align: left;\"><a href=\"https:\/\/attendee.gotowebinar.com\/recording\/7873243669776110686\" target=\"_blank\" rel=\"noopener\">MANEJO FARMACOL\u00d3GICO DE PACIENTES CON OBESIDAD<\/a><\/p>\n<p style=\"text-align: left;\"><a href=\"https:\/\/attendee.gotowebinar.com\/recording\/1787026797629062239\" target=\"_blank\" rel=\"noopener\">ACTUALIZACI\u00d3N RECETA ELECTR\u00d3NICA<\/a><\/p>\n<p style=\"text-align: left;\"><a href=\"https:\/\/attendee.gotowebinar.com\/recording\/2238750155164310532\" target=\"_blank\" rel=\"noopener\">PANTAILEK GAZTEENGAN DUTEN ERAGINA: FARMAZILARIENTZAT FORMAKUNTZA<\/a><\/p>\n<p id=\"formHeaderTitle_38\" class=\"pa-gg pa-mn pa-mm pa-cc pa-ev pa-rd pa-ru pa-rv pa-rw \" style=\"text-align: left;\" title=\"PANTAILEK GAZTEENGAN DUTEN ERAGINA: FARMAZILARIENTZAT FORMAKUNTZA\" data-id=\"header_title\"><a href=\"https:\/\/attendee.gotowebinar.com\/recording\/5575270967271286869\" target=\"_blank\" rel=\"noopener\">ACOMPA\u00d1AMIENTO DE LA MUJER EN LA PERIMENOPAUSIA Y MENOPAUSIA DESDE LA FARMACIA COMUNITARIA 19 MARZO<\/a><\/p>\n<p style=\"text-align: left;\" title=\"PANTAILEK GAZTEENGAN DUTEN ERAGINA: FARMAZILARIENTZAT FORMAKUNTZA\" data-id=\"header_title\"><a href=\"https:\/\/attendee.gotowebinar.com\/recording\/558997655348081067\" target=\"_blank\" rel=\"noopener\">ACOMPA\u00d1AMIENTO DE LA MUJER EN LA PERIMENOPAUSIA Y MENOPAUSIA DESDE LA FARMACIA COMUNITARIA 27 MARZO<\/a><\/p>\n<p style=\"text-align: left;\"><a href=\"https:\/\/attendee.gotowebinar.com\/recording\/605140861047473502\" target=\"_blank\" rel=\"noopener\">FARMACIA 4.0: AUMENTANDO LAS CAPACIDADES CON INTELIGENCIA ARTIFICIAL<\/a><\/p>\n<p style=\"text-align: left;\"><a href=\"https:\/\/attendee.gotowebinar.com\/recording\/5219816452164988256\" target=\"_blank\" rel=\"noopener\">INFECCIONES DEL TRACTO URINARIO. LA PERSPECTIVA DESDE EL PROA COMUNITARIO GIPUZKOA<\/a><\/p>\n<p style=\"text-align: left;\"><a href=\"https:\/\/attendee.gotowebinar.com\/recording\/7437412661429942786\" target=\"_blank\" rel=\"noopener\">ACTUALIZACI\u00d3N CARDIO-METAB\u00d3LICA EN LA FARMACIA COMUNITARIA<\/a><\/p>\n<p>[\/vc_column_text]<h2 class=\"headline font-inherit fontsize-l fontweight-inherit lh-inherit align-center transform-inherit \" style=\"margin: 0 0 20px 0;\">ACTUALIZACI\u00d3N PR\u00c1CTICA FARMAC\u00c9UTICA<\/h2>[vc_column_text]<\/p>\n<p style=\"text-align: left;\"><a href=\"https:\/\/attendee.gotowebinar.com\/recording\/8510556900416424286\" target=\"_blank\" rel=\"noopener\">NUEVOS PROGRAMAS PROFESIONALES CON EL DEPARTAMENTO DE SALUD<\/a><\/p>\n<p style=\"text-align: left;\"><a href=\"https:\/\/attendee.gotowebinar.com\/recording\/872845558311791108\" target=\"_blank\" rel=\"noopener\">ABORDAJE DEL TRATAMIENTO DE LA ENFERMEDAD PULMONAR OBSTRUCTIVA CR\u00d3NICA (EPOC)<\/a><\/p>\n<p style=\"text-align: left;\"><a href=\"https:\/\/attendee.gotowebinar.com\/recording\/577777319833504513\" target=\"_blank\" rel=\"noopener\">SISTEMAS PERSONALIZADOS DE DOSIFICACI\u00d3N: PROCEDIMIENTO DE LAS FARMACIAS PARA LA INCLUSI\u00d3N DEL QR EN LA HOJA DE TRATAMIENTO ACTIVO<\/a><\/p>\n<p style=\"text-align: left;\"><a href=\"https:\/\/attendee.gotowebinar.com\/recording\/208294134540904022\" target=\"_blank\" rel=\"noopener\">SCRAP DE SIGRE PARA FARMACIAS FORMULADORAS DE F\u00d3RMULAS MAGISTRALES Y METADONA<\/a><\/p>\n<p style=\"text-align: left;\"><a href=\"https:\/\/attendee.gotowebinar.com\/recording\/7079352303810419626\" target=\"_blank\" rel=\"noopener\">SISTEMA DE GESTI\u00d3N DE ALERTAS DE SEVeM<\/a><\/p>\n<p>[\/vc_column_text]<h2 class=\"headline font-inherit fontsize-l fontweight-inherit lh-inherit align-center transform-inherit \" style=\"margin: 0 0 20px 0;\">MEDICAMENTOS COMPLEJOS<\/h2>[vc_column_text]<\/p>\n<p style=\"text-align: left;\"><a href=\"https:\/\/youtu.be\/9sZOHxxwFaE\" target=\"_blank\" rel=\"noopener noreferrer\">KWIKPEN &#8211; Utilizaci\u00f3n de plumas precargadas Kwikpen<\/a><\/p>\n<p style=\"text-align: left;\"><a href=\"https:\/\/youtu.be\/TrTO-VbBp4g\" target=\"_blank\" rel=\"noopener noreferrer\">TRULICITY &#8211; Utilizaci\u00f3n de pluma precargada Trulicity<\/a><\/p>\n<p style=\"text-align: left;\"><a href=\"https:\/\/youtu.be\/AC2fzeX3fpg\" target=\"_blank\" rel=\"noopener noreferrer\">RESPIMAT &#8211; Utilizaci\u00f3n de inhalador Respimat<\/a><\/p>\n<p style=\"text-align: left;\"><a href=\"https:\/\/youtu.be\/wXmSFFThCcc\" target=\"_blank\" rel=\"noopener noreferrer\">OVITRELLE &#8211; Utilizaci\u00f3n de pluma precargada Ovitrelle<\/a><\/p>\n<p style=\"text-align: left;\"><a href=\"https:\/\/youtu.be\/dqqRZZfPs3E\" target=\"_blank\" rel=\"noopener noreferrer\">FORSTEO &#8211; Utilizaci\u00f3n de pluma precargada Forsteo<\/a><\/p>\n<p style=\"text-align: left;\"><a href=\"https:\/\/youtu.be\/BK9Ot5aJjPU\" target=\"_blank\" rel=\"noopener noreferrer\">JEXT- Utilizaci\u00f3n de pluma precargada Jext<\/a><\/p>\n<p style=\"text-align: left;\"><a href=\"https:\/\/youtu.be\/gybVT7xvxEM\" target=\"_blank\" rel=\"noopener noreferrer\">VICTOZA &#8211; Utilizaci\u00f3n de pluma precargada Victoza<\/a><\/p>\n<p style=\"text-align: left;\"><a href=\"https:\/\/youtu.be\/xpCSetgFBbE\" target=\"_blank\" rel=\"noopener noreferrer\">INNOLET &#8211; Utilizaci\u00f3n de pluma precargada Innolet<\/a><\/p>\n<p style=\"text-align: left;\"><a href=\"https:\/\/youtu.be\/NpxQv1pVwOI\" target=\"_blank\" rel=\"noopener noreferrer\">GONAL &#8211; F &#8211; Utilizaci\u00f3n de pluma precargada GONAL-F<\/a><\/p>\n<p style=\"text-align: left;\"><a href=\"https:\/\/youtu.be\/FOAt0bMfiyM\" target=\"_blank\" rel=\"noopener noreferrer\">PERGOVERIS- Utilizaci\u00f3n de pluma precargada Pergoveris<\/a><\/p>\n<p style=\"text-align: left;\"><a href=\"https:\/\/youtu.be\/_N4O2PZmmYE\" target=\"_blank\" rel=\"noopener noreferrer\">ORGALUTRAN &#8211; Utilizaci\u00f3n de jeringa precargada Orgalutran<\/a><\/p>\n<p style=\"text-align: left;\"><a href=\"https:\/\/youtu.be\/5-wN1hi22W4\" target=\"_blank\" rel=\"noopener\">AMOXICILINA &#8211; Reconstituci\u00f3n de la suspensi\u00f3n oral de amoxicilina<\/a><\/p>\n<p style=\"text-align: left;\"><a href=\"https:\/\/youtu.be\/J34xnm6gBhg\" target=\"_blank\" rel=\"noopener\">AMOXICILINA CLAVULANICO &#8211; Reconstituci\u00f3n de la suspensi\u00f3n oral de amoxicilina clavulanico<\/a><\/p>\n<p style=\"text-align: left;\"><a href=\"https:\/\/youtu.be\/fdQzzv9e5ek\" target=\"_blank\" rel=\"noopener\">V\u00cdA INHALATORIA EN PEDIATRIA-Utilizaci\u00f3n de inhalador con c\u00e1mara espaciadora<\/a><\/p>\n<p style=\"text-align: left;\"><a href=\"https:\/\/youtu.be\/3I6baKN53hI\" target=\"_blank\" rel=\"noopener\">WEGOVY<span data-teams=\"true\">&#8211; Medicamentos para el control de peso<\/span><\/a><\/p>\n<p style=\"text-align: left;\"><a href=\"https:\/\/youtu.be\/QsNvDuGFzow\" target=\"_blank\" rel=\"noopener\">MOUNJARO<span data-teams=\"true\">&#8211; Medicamentos para el control de peso<\/span><\/a><\/p>\n<p>[\/vc_column_text][\/vc_column][\/vc_row][\/vc_section][vc_row][vc_column width=&#8221;1\/1&#8243;][\/vc_column][\/vc_row]<\/p>\n<\/div>","protected":false},"excerpt":{"rendered":"<p>[vc_section full_width=&#8221;stretch_row&#8221; el_id=&#8221;seccionDocumentos&#8221; css=&#8221;.vc_custom_1601458837173{background: #fdf4fb url(https:\/\/www.cofgipuzkoa.eus\/wp-content\/uploads\/2020\/09\/deco-section-rosa.jpg?id=14292) !important;background-position: center !important;background-repeat: no-repeat !important;background-size: cover !important;}&#8221;][vc_row text_color=&#8221;custom&#8221; custom_text_color=&#8221;#7a1f5e&#8221; text_align=&#8221;center&#8221; class=&#8221;morado&#8221;][vc_column width=&#8221;1\/1&#8243;][vc_column_text] TRAMITACI\u00d3N ELECTR\u00d3NICA EXPEDIENTES MANEJO FARMACOL\u00d3GICO DE PACIENTES CON OBESIDAD ACTUALIZACI\u00d3N RECETA ELECTR\u00d3NICA PANTAILEK GAZTEENGAN DUTEN ERAGINA: FARMAZILARIENTZAT FORMAKUNTZA ACOMPA\u00d1AMIENTO DE LA MUJER EN LA PERIMENOPAUSIA Y MENOPAUSIA DESDE LA FARMACIA COMUNITARIA 19 MARZO ACOMPA\u00d1AMIENTO DE LA MUJER EN LA PERIMENOPAUSIA Y MENOPAUSIA DESDE LA FARMACIA COMUNITARIA 27 MARZO FARMACIA 4.0: AUMENTANDO LAS CAPACIDADES CON INTELIGENCIA ARTIFICIAL INFECCIONES DEL TRACTO URINARIO. LA PERSPECTIVA DESDE EL PROA COMUNITARIO GIPUZKOA ACTUALIZACI\u00d3N CARDIO-METAB\u00d3LICA EN LA FARMACIA COMUNITARIA [\/vc_column_text][vc_column_text] NUEVOS PROGRAMAS PROFESIONALES CON EL DEPARTAMENTO DE SALUD ABORDAJE DEL TRATAMIENTO DE LA ENFERMEDAD PULMONAR OBSTRUCTIVA CR\u00d3NICA (EPOC) SISTEMAS PERSONALIZADOS DE DOSIFICACI\u00d3N: PROCEDIMIENTO DE LAS FARMACIAS PARA LA INCLUSI\u00d3N DEL QR EN LA HOJA DE TRATAMIENTO ACTIVO SCRAP DE SIGRE PARA FARMACIAS FORMULADORAS DE F\u00d3RMULAS MAGISTRALES Y METADONA SISTEMA DE GESTI\u00d3N DE ALERTAS DE SEVeM [\/vc_column_text][vc_column_text] KWIKPEN &#8211; Utilizaci\u00f3n de plumas precargadas Kwikpen TRULICITY &#8211; Utilizaci\u00f3n de pluma precargada Trulicity RESPIMAT &#8211; Utilizaci\u00f3n de inhalador Respimat OVITRELLE &#8211; Utilizaci\u00f3n de pluma precargada Ovitrelle FORSTEO &#8211; Utilizaci\u00f3n de pluma precargada Forsteo JEXT- Utilizaci\u00f3n de pluma precargada Jext VICTOZA &#8211; Utilizaci\u00f3n de pluma precargada Victoza INNOLET &#8211; Utilizaci\u00f3n de pluma [&hellip;]<\/p>\n","protected":false},"author":1107,"featured_media":0,"parent":15645,"menu_order":0,"comment_status":"closed","ping_status":"closed","template":"","meta":{"_acf_changed":false,"om_disable_all_campaigns":false,"footnotes":""},"class_list":["post-16188","page","type-page","status-publish","hentry"],"acf":[],"yoast_head":"<!-- This site is optimized with the Yoast SEO plugin v23.1 - https:\/\/yoast.com\/wordpress\/plugins\/seo\/ -->\n<title>Formakuntza bideoak - Colegio Oficial de Farmac\u00e9uticos de Gipuzkoa - Gipuzkoako Farmazilarien Elkargo Ofiziala<\/title>\n<meta name=\"robots\" content=\"index, follow, max-snippet:-1, max-image-preview:large, max-video-preview:-1\" \/>\n<link rel=\"canonical\" href=\"https:\/\/www.cofgipuzkoa.eus\/eu\/formakuntza\/formakuntza-bideoak\/\" \/>\n<meta property=\"og:locale\" content=\"eu_ES\" \/>\n<meta property=\"og:type\" content=\"article\" \/>\n<meta property=\"og:title\" content=\"Formakuntza bideoak - Colegio Oficial de Farmac\u00e9uticos de Gipuzkoa - Gipuzkoako Farmazilarien Elkargo Ofiziala\" \/>\n<meta property=\"og:description\" content=\"[vc_section full_width=&#8221;stretch_row&#8221; el_id=&#8221;seccionDocumentos&#8221; css=&#8221;.vc_custom_1601458837173{background: #fdf4fb url(https:\/\/www.cofgipuzkoa.eus\/wp-content\/uploads\/2020\/09\/deco-section-rosa.jpg?id=14292) !important;background-position: center !important;background-repeat: no-repeat !important;background-size: cover !important;}&#8221;][vc_row text_color=&#8221;custom&#8221; custom_text_color=&#8221;#7a1f5e&#8221; text_align=&#8221;center&#8221; class=&#8221;morado&#8221;][vc_column width=&#8221;1\/1&#8243;][vc_column_text] TRAMITACI\u00d3N ELECTR\u00d3NICA EXPEDIENTES MANEJO FARMACOL\u00d3GICO DE PACIENTES CON OBESIDAD ACTUALIZACI\u00d3N RECETA ELECTR\u00d3NICA PANTAILEK GAZTEENGAN DUTEN ERAGINA: FARMAZILARIENTZAT FORMAKUNTZA ACOMPA\u00d1AMIENTO DE LA MUJER EN LA PERIMENOPAUSIA Y MENOPAUSIA DESDE LA FARMACIA COMUNITARIA 19 MARZO ACOMPA\u00d1AMIENTO DE LA MUJER EN LA PERIMENOPAUSIA Y MENOPAUSIA DESDE LA FARMACIA COMUNITARIA 27 MARZO FARMACIA 4.0: AUMENTANDO LAS CAPACIDADES CON INTELIGENCIA ARTIFICIAL INFECCIONES DEL TRACTO URINARIO. LA PERSPECTIVA DESDE EL PROA COMUNITARIO GIPUZKOA ACTUALIZACI\u00d3N CARDIO-METAB\u00d3LICA EN LA FARMACIA COMUNITARIA [\/vc_column_text][vc_column_text] NUEVOS PROGRAMAS PROFESIONALES CON EL DEPARTAMENTO DE SALUD ABORDAJE DEL TRATAMIENTO DE LA ENFERMEDAD PULMONAR OBSTRUCTIVA CR\u00d3NICA (EPOC) SISTEMAS PERSONALIZADOS DE DOSIFICACI\u00d3N: PROCEDIMIENTO DE LAS FARMACIAS PARA LA INCLUSI\u00d3N DEL QR EN LA HOJA DE TRATAMIENTO ACTIVO SCRAP DE SIGRE PARA FARMACIAS FORMULADORAS DE F\u00d3RMULAS MAGISTRALES Y METADONA SISTEMA DE GESTI\u00d3N DE ALERTAS DE SEVeM [\/vc_column_text][vc_column_text] KWIKPEN &#8211; Utilizaci\u00f3n de plumas precargadas Kwikpen TRULICITY &#8211; Utilizaci\u00f3n de pluma precargada Trulicity RESPIMAT &#8211; Utilizaci\u00f3n de inhalador Respimat OVITRELLE &#8211; Utilizaci\u00f3n de pluma precargada Ovitrelle FORSTEO &#8211; Utilizaci\u00f3n de pluma precargada Forsteo JEXT- Utilizaci\u00f3n de pluma precargada Jext VICTOZA &#8211; Utilizaci\u00f3n de pluma precargada Victoza INNOLET &#8211; Utilizaci\u00f3n de pluma [&hellip;]\" \/>\n<meta property=\"og:url\" content=\"https:\/\/www.cofgipuzkoa.eus\/eu\/formakuntza\/formakuntza-bideoak\/\" \/>\n<meta property=\"og:site_name\" content=\"Colegio Oficial de Farmac\u00e9uticos de Gipuzkoa - Gipuzkoako Farmazilarien Elkargo Ofiziala\" \/>\n<meta property=\"article:modified_time\" content=\"2026-02-13T13:20:08+00:00\" \/>\n<meta property=\"og:image\" content=\"https:\/\/www.cofgipuzkoa.eus\/wp-content\/uploads\/2023\/12\/cofg.jpg\" \/>\n\t<meta property=\"og:image:width\" content=\"1200\" \/>\n\t<meta property=\"og:image:height\" content=\"675\" \/>\n\t<meta property=\"og:image:type\" content=\"image\/jpeg\" \/>\n<meta name=\"twitter:card\" content=\"summary_large_image\" \/>\n<meta name=\"twitter:site\" content=\"@GipuzkoaCOF\" \/>\n<meta name=\"twitter:label1\" content=\"Est. reading time\" \/>\n\t<meta name=\"twitter:data1\" content=\"2 minutes\" \/>\n<script type=\"application\/ld+json\" class=\"yoast-schema-graph\">{\"@context\":\"https:\/\/schema.org\",\"@graph\":[{\"@type\":\"WebPage\",\"@id\":\"https:\/\/www.cofgipuzkoa.eus\/eu\/formakuntza\/formakuntza-bideoak\/\",\"url\":\"https:\/\/www.cofgipuzkoa.eus\/eu\/formakuntza\/formakuntza-bideoak\/\",\"name\":\"Formakuntza bideoak - Colegio Oficial de Farmac\u00e9uticos de Gipuzkoa - Gipuzkoako Farmazilarien Elkargo Ofiziala\",\"isPartOf\":{\"@id\":\"https:\/\/www.cofgipuzkoa.eus\/#website\"},\"datePublished\":\"2021-04-14T06:33:29+00:00\",\"dateModified\":\"2026-02-13T13:20:08+00:00\",\"breadcrumb\":{\"@id\":\"https:\/\/www.cofgipuzkoa.eus\/eu\/formakuntza\/formakuntza-bideoak\/#breadcrumb\"},\"inLanguage\":\"eu-ES\",\"potentialAction\":[{\"@type\":\"ReadAction\",\"target\":[\"https:\/\/www.cofgipuzkoa.eus\/eu\/formakuntza\/formakuntza-bideoak\/\"]}]},{\"@type\":\"BreadcrumbList\",\"@id\":\"https:\/\/www.cofgipuzkoa.eus\/eu\/formakuntza\/formakuntza-bideoak\/#breadcrumb\",\"itemListElement\":[{\"@type\":\"ListItem\",\"position\":1,\"name\":\"Home\",\"item\":\"https:\/\/www.cofgipuzkoa.eus\/eu\/\"},{\"@type\":\"ListItem\",\"position\":2,\"name\":\"Formakuntza\",\"item\":\"https:\/\/www.cofgipuzkoa.eus\/formacion-3\/\"},{\"@type\":\"ListItem\",\"position\":3,\"name\":\"Formakuntza bideoak\"}]},{\"@type\":\"WebSite\",\"@id\":\"https:\/\/www.cofgipuzkoa.eus\/#website\",\"url\":\"https:\/\/www.cofgipuzkoa.eus\/\",\"name\":\"Colegio Oficial de Farmac\u00e9uticos de Gipuzkoa - Gipuzkoako Farmazilarien Elkargo Ofiziala\",\"description\":\"Colegio Oficial de Farmac\u00e9uticos de Gipuzkoa - Gipuzkoako Farmazilarien Elkargo Ofiziala\",\"publisher\":{\"@id\":\"https:\/\/www.cofgipuzkoa.eus\/#organization\"},\"potentialAction\":[{\"@type\":\"SearchAction\",\"target\":{\"@type\":\"EntryPoint\",\"urlTemplate\":\"https:\/\/www.cofgipuzkoa.eus\/?s={search_term_string}\"},\"query-input\":\"required name=search_term_string\"}],\"inLanguage\":\"eu-ES\"},{\"@type\":\"Organization\",\"@id\":\"https:\/\/www.cofgipuzkoa.eus\/#organization\",\"name\":\"Colegio Oficial de Farmac\u00e9uticos de Gipuzkoa - Gipuzkoako Farmazilarien Elkargo Ofiziala\",\"url\":\"https:\/\/www.cofgipuzkoa.eus\/\",\"logo\":{\"@type\":\"ImageObject\",\"inLanguage\":\"eu-ES\",\"@id\":\"https:\/\/www.cofgipuzkoa.eus\/#\/schema\/logo\/image\/\",\"url\":\"https:\/\/www.cofgipuzkoa.eus\/wp-content\/uploads\/2023\/11\/cofg_logo.png\",\"contentUrl\":\"https:\/\/www.cofgipuzkoa.eus\/wp-content\/uploads\/2023\/11\/cofg_logo.png\",\"width\":112,\"height\":112,\"caption\":\"Colegio Oficial de Farmac\u00e9uticos de Gipuzkoa - Gipuzkoako Farmazilarien Elkargo Ofiziala\"},\"image\":{\"@id\":\"https:\/\/www.cofgipuzkoa.eus\/#\/schema\/logo\/image\/\"},\"sameAs\":[\"https:\/\/x.com\/GipuzkoaCOF\"]}]}<\/script>\n<!-- \/ Yoast SEO plugin. -->","yoast_head_json":{"title":"Formakuntza bideoak - Colegio Oficial de Farmac\u00e9uticos de Gipuzkoa - Gipuzkoako Farmazilarien Elkargo Ofiziala","robots":{"index":"index","follow":"follow","max-snippet":"max-snippet:-1","max-image-preview":"max-image-preview:large","max-video-preview":"max-video-preview:-1"},"canonical":"https:\/\/www.cofgipuzkoa.eus\/eu\/formakuntza\/formakuntza-bideoak\/","og_locale":"eu_ES","og_type":"article","og_title":"Formakuntza bideoak - Colegio Oficial de Farmac\u00e9uticos de Gipuzkoa - Gipuzkoako Farmazilarien Elkargo Ofiziala","og_description":"[vc_section full_width=&#8221;stretch_row&#8221; el_id=&#8221;seccionDocumentos&#8221; css=&#8221;.vc_custom_1601458837173{background: #fdf4fb url(https:\/\/www.cofgipuzkoa.eus\/wp-content\/uploads\/2020\/09\/deco-section-rosa.jpg?id=14292) !important;background-position: center !important;background-repeat: no-repeat !important;background-size: cover !important;}&#8221;][vc_row text_color=&#8221;custom&#8221; custom_text_color=&#8221;#7a1f5e&#8221; text_align=&#8221;center&#8221; class=&#8221;morado&#8221;][vc_column width=&#8221;1\/1&#8243;][vc_column_text] TRAMITACI\u00d3N ELECTR\u00d3NICA EXPEDIENTES MANEJO FARMACOL\u00d3GICO DE PACIENTES CON OBESIDAD ACTUALIZACI\u00d3N RECETA ELECTR\u00d3NICA PANTAILEK GAZTEENGAN DUTEN ERAGINA: FARMAZILARIENTZAT FORMAKUNTZA ACOMPA\u00d1AMIENTO DE LA MUJER EN LA PERIMENOPAUSIA Y MENOPAUSIA DESDE LA FARMACIA COMUNITARIA 19 MARZO ACOMPA\u00d1AMIENTO DE LA MUJER EN LA PERIMENOPAUSIA Y MENOPAUSIA DESDE LA FARMACIA COMUNITARIA 27 MARZO FARMACIA 4.0: AUMENTANDO LAS CAPACIDADES CON INTELIGENCIA ARTIFICIAL INFECCIONES DEL TRACTO URINARIO. LA PERSPECTIVA DESDE EL PROA COMUNITARIO GIPUZKOA ACTUALIZACI\u00d3N CARDIO-METAB\u00d3LICA EN LA FARMACIA COMUNITARIA [\/vc_column_text][vc_column_text] NUEVOS PROGRAMAS PROFESIONALES CON EL DEPARTAMENTO DE SALUD ABORDAJE DEL TRATAMIENTO DE LA ENFERMEDAD PULMONAR OBSTRUCTIVA CR\u00d3NICA (EPOC) SISTEMAS PERSONALIZADOS DE DOSIFICACI\u00d3N: PROCEDIMIENTO DE LAS FARMACIAS PARA LA INCLUSI\u00d3N DEL QR EN LA HOJA DE TRATAMIENTO ACTIVO SCRAP DE SIGRE PARA FARMACIAS FORMULADORAS DE F\u00d3RMULAS MAGISTRALES Y METADONA SISTEMA DE GESTI\u00d3N DE ALERTAS DE SEVeM [\/vc_column_text][vc_column_text] KWIKPEN &#8211; Utilizaci\u00f3n de plumas precargadas Kwikpen TRULICITY &#8211; Utilizaci\u00f3n de pluma precargada Trulicity RESPIMAT &#8211; Utilizaci\u00f3n de inhalador Respimat OVITRELLE &#8211; Utilizaci\u00f3n de pluma precargada Ovitrelle FORSTEO &#8211; Utilizaci\u00f3n de pluma precargada Forsteo JEXT- Utilizaci\u00f3n de pluma precargada Jext VICTOZA &#8211; Utilizaci\u00f3n de pluma precargada Victoza INNOLET &#8211; Utilizaci\u00f3n de pluma [&hellip;]","og_url":"https:\/\/www.cofgipuzkoa.eus\/eu\/formakuntza\/formakuntza-bideoak\/","og_site_name":"Colegio Oficial de Farmac\u00e9uticos de Gipuzkoa - Gipuzkoako Farmazilarien Elkargo Ofiziala","article_modified_time":"2026-02-13T13:20:08+00:00","og_image":[{"width":1200,"height":675,"url":"https:\/\/www.cofgipuzkoa.eus\/wp-content\/uploads\/2023\/12\/cofg.jpg","type":"image\/jpeg"}],"twitter_card":"summary_large_image","twitter_site":"@GipuzkoaCOF","twitter_misc":{"Est. reading time":"2 minutes"},"schema":{"@context":"https:\/\/schema.org","@graph":[{"@type":"WebPage","@id":"https:\/\/www.cofgipuzkoa.eus\/eu\/formakuntza\/formakuntza-bideoak\/","url":"https:\/\/www.cofgipuzkoa.eus\/eu\/formakuntza\/formakuntza-bideoak\/","name":"Formakuntza bideoak - Colegio Oficial de Farmac\u00e9uticos de Gipuzkoa - Gipuzkoako Farmazilarien Elkargo Ofiziala","isPartOf":{"@id":"https:\/\/www.cofgipuzkoa.eus\/#website"},"datePublished":"2021-04-14T06:33:29+00:00","dateModified":"2026-02-13T13:20:08+00:00","breadcrumb":{"@id":"https:\/\/www.cofgipuzkoa.eus\/eu\/formakuntza\/formakuntza-bideoak\/#breadcrumb"},"inLanguage":"eu-ES","potentialAction":[{"@type":"ReadAction","target":["https:\/\/www.cofgipuzkoa.eus\/eu\/formakuntza\/formakuntza-bideoak\/"]}]},{"@type":"BreadcrumbList","@id":"https:\/\/www.cofgipuzkoa.eus\/eu\/formakuntza\/formakuntza-bideoak\/#breadcrumb","itemListElement":[{"@type":"ListItem","position":1,"name":"Home","item":"https:\/\/www.cofgipuzkoa.eus\/eu\/"},{"@type":"ListItem","position":2,"name":"Formakuntza","item":"https:\/\/www.cofgipuzkoa.eus\/formacion-3\/"},{"@type":"ListItem","position":3,"name":"Formakuntza bideoak"}]},{"@type":"WebSite","@id":"https:\/\/www.cofgipuzkoa.eus\/#website","url":"https:\/\/www.cofgipuzkoa.eus\/","name":"Colegio Oficial de Farmac\u00e9uticos de Gipuzkoa - Gipuzkoako Farmazilarien Elkargo Ofiziala","description":"Colegio Oficial de Farmac\u00e9uticos de Gipuzkoa - Gipuzkoako Farmazilarien Elkargo Ofiziala","publisher":{"@id":"https:\/\/www.cofgipuzkoa.eus\/#organization"},"potentialAction":[{"@type":"SearchAction","target":{"@type":"EntryPoint","urlTemplate":"https:\/\/www.cofgipuzkoa.eus\/?s={search_term_string}"},"query-input":"required name=search_term_string"}],"inLanguage":"eu-ES"},{"@type":"Organization","@id":"https:\/\/www.cofgipuzkoa.eus\/#organization","name":"Colegio Oficial de Farmac\u00e9uticos de Gipuzkoa - Gipuzkoako Farmazilarien Elkargo Ofiziala","url":"https:\/\/www.cofgipuzkoa.eus\/","logo":{"@type":"ImageObject","inLanguage":"eu-ES","@id":"https:\/\/www.cofgipuzkoa.eus\/#\/schema\/logo\/image\/","url":"https:\/\/www.cofgipuzkoa.eus\/wp-content\/uploads\/2023\/11\/cofg_logo.png","contentUrl":"https:\/\/www.cofgipuzkoa.eus\/wp-content\/uploads\/2023\/11\/cofg_logo.png","width":112,"height":112,"caption":"Colegio Oficial de Farmac\u00e9uticos de Gipuzkoa - Gipuzkoako Farmazilarien Elkargo Ofiziala"},"image":{"@id":"https:\/\/www.cofgipuzkoa.eus\/#\/schema\/logo\/image\/"},"sameAs":["https:\/\/x.com\/GipuzkoaCOF"]}]}},"publishpress_future_action":{"enabled":false,"date":"2026-04-30 16:03:58","action":"change-status","newStatus":"draft","terms":[],"taxonomy":"translation_priority"},"_links":{"self":[{"href":"https:\/\/www.cofgipuzkoa.eus\/eu\/wp-json\/wp\/v2\/pages\/16188"}],"collection":[{"href":"https:\/\/www.cofgipuzkoa.eus\/eu\/wp-json\/wp\/v2\/pages"}],"about":[{"href":"https:\/\/www.cofgipuzkoa.eus\/eu\/wp-json\/wp\/v2\/types\/page"}],"author":[{"embeddable":true,"href":"https:\/\/www.cofgipuzkoa.eus\/eu\/wp-json\/wp\/v2\/users\/1107"}],"replies":[{"embeddable":true,"href":"https:\/\/www.cofgipuzkoa.eus\/eu\/wp-json\/wp\/v2\/comments?post=16188"}],"version-history":[{"count":40,"href":"https:\/\/www.cofgipuzkoa.eus\/eu\/wp-json\/wp\/v2\/pages\/16188\/revisions"}],"predecessor-version":[{"id":25955,"href":"https:\/\/www.cofgipuzkoa.eus\/eu\/wp-json\/wp\/v2\/pages\/16188\/revisions\/25955"}],"up":[{"embeddable":true,"href":"https:\/\/www.cofgipuzkoa.eus\/eu\/wp-json\/wp\/v2\/pages\/15645"}],"wp:attachment":[{"href":"https:\/\/www.cofgipuzkoa.eus\/eu\/wp-json\/wp\/v2\/media?parent=16188"}],"curies":[{"name":"wp","href":"https:\/\/api.w.org\/{rel}","templated":true}]}}