{"id":15553,"date":"2021-03-10T16:46:00","date_gmt":"2021-03-10T15:46:00","guid":{"rendered":"https:\/\/cofg.merkatu.info\/?page_id=15553"},"modified":"2024-01-02T10:14:37","modified_gmt":"2024-01-02T09:14:37","slug":"nola-egin-elkargokide","status":"publish","type":"page","link":"https:\/\/www.cofgipuzkoa.eus\/eu\/nola-egin-elkargokide\/","title":{"rendered":"Nola egin elkargokide"},"content":{"rendered":"<div class=\"wpb-content-wrapper\"><p>[vc_row class=&#8221;pageContenido&#8221;][vc_column width=&#8221;1\/1&#8243;]<h2 class=\"headline font-inherit fontsize-inherit fontweight-inherit lh-inherit align-center transform-inherit \" style=\"margin: 0 0 20px 0;\">COLEGIACI\u00d3N Y LEY DE COLEGIOS PROFESIONALES<\/h2>[vc_column_text]<\/p>\n<ul>\n<li>Ser\u00e1 requisito indispensable para el ejercicio de la profesi\u00f3n de farmac\u00e9utico en Bizkaia, la incorporaci\u00f3n al Colegio Oficial de Farmac\u00e9uticos de Bizkaia.<\/li>\n<li>Se entiende que un farmac\u00e9utico ejerce la profesi\u00f3n, a efectos de exigencia de colegiaci\u00f3n, cuando realice una actividad para la que la normativa vigente requiera el t\u00edtulo de grado o licenciatura en farmacia.<\/li>\n<li>Cuando la profesi\u00f3n se organice por Colegios Territoriales, como es el caso de farmacia, bastar\u00e1 la incorporaci\u00f3n a uno solo de ellos, que ser\u00e1 el del &#8220;domicilio profesional \u00fanico o principal&#8221;.<\/li>\n<li>Un farmac\u00e9utico con ejercicio profesional compatible en dos provincias distintas podr\u00e1 colegiarse en cualquiera de las dos provincias o en las dos simult\u00e1neamente; aunque una sola colegiaci\u00f3n le bastar\u00e1 para ejercer en ambas provincias.<\/li>\n<li>Si opta por la colegiaci\u00f3n \u00fanica, en su Colegio estar\u00e1 colegiado como ejerciente, en el otro constar\u00e1 la comunicaci\u00f3n de ejercicio.<\/li>\n<li>Un colegiado en el COFBi como no ejerciente, si pasa a la modalidad de ejerciente fuera del \u00e1mbito territorial de Bizkaia, tiene varias opciones:<\/li>\n<\/ul>\n<ol>\n<li style=\"list-style-type: none;\">\n<ul>\n<li>Colegiarse en el Colegio donde va a realizar la actividad profesional y darse de baja en el COFBi.<\/li>\n<li>Continuar colegiado en el COFBi y pasar autom\u00e1ticamente a la modalidad de ejerciente fuera del territorio. (Ejerciente fuera de Bizkaia)<\/li>\n<\/ul>\n<\/li>\n<\/ol>\n<ul>\n<li>Con respecto a la potestad disciplinaria, puede sostenerse, en virtud de los estatutos del Colegio, que el farmac\u00e9utico est\u00e1 sometido a la potestad disciplinaria del Colegio en el que est\u00e1 colegiado. Para los farmac\u00e9uticos no colegiados, y ejercientes en otro territorio diferente habr\u00e1 que determinar y aclarar en los Estatutos Generales el r\u00e9gimen sancionador que les corresponde.<\/li>\n<\/ul>\n<p>[\/vc_column_text]<h3 class=\"headline font-inherit fontsize-inherit fontweight-inherit lh-inherit align-left transform-inherit \" style=\"margin: 0 0 20px 0;\">CONSULTA LAS CUOTAS COLEGIALES<\/h3><h4 class=\"headline font-inherit fontsize-inherit fontweight-inherit lh-inherit align-left transform-inherit \" style=\"margin: 0 0 20px 0;\">Documentaci\u00f3n necesaria para formalizar la colegiaci\u00f3n<br \/>\n<\/h4>[vc_column_text]<\/p>\n<ul>\n<li>T\u00edtulo (original) de Licenciado\/Graduado en Farmacia (o la Orden Supletoria).<\/li>\n<li>Fotocopia del Documento Nacional de Identidad.<\/li>\n<li>1 fotograf\u00eda tipo carnet en color.<\/li>\n<li>Resguardo del ingreso de 303,00 \u20ac; en la cuenta ES75 2095 &#8211; 0360 &#8211; 14 &#8211; 2210005377 (Kutxabank)<\/li>\n<li>Acreditaci\u00f3n de disponer de una p\u00f3liza de responsabilidad civil en el caso de ejercer, fuera de la Oficina de Farmacia.<\/li>\n<li>Autorizaci\u00f3n de domiciliaci\u00f3n bancarias SEPA debidamente firmada<\/li>\n<li>Documento justificante de la modalidad de ejercicio<\/li>\n<li>Certificado de empresa; escrito de la OF comunicando el ejercicio del colegiado<\/li>\n<li>Copia del contrato laboral<\/li>\n<li>Nombramiento oficial, en el caso de la administraci\u00f3n<\/li>\n<li>Comprobante del servicio p\u00fablico de empleo (SEPE) o LANBIDE<\/li>\n<\/ul>\n<p>[\/vc_column_text][\/vc_column][\/vc_row][vc_section full_width=&#8221;stretch_row_content&#8221; el_id=&#8221;seccionColegiacionPresencial&#8221; el_class=&#8221;seccionQueNecesitas&#8221;][vc_row type=&#8221;full_width_section&#8221;][vc_column el_class=&#8221;columna izq morado&#8221; bg_color=&#8221;#93bc2c&#8221; bg_image=&#8221;14602&#8243; column_center=&#8221;true&#8221; width=&#8221;1\/2&#8243;][\/vc_column][vc_column el_class=&#8221;columna dcha verde&#8221; bg_color=&#8221;#f9f9f9&#8243; column_center=&#8221;true&#8221; width=&#8221;1\/2&#8243;]<h2 class=\"headline font-inherit fontsize-inherit fontweight-inherit lh-inherit align-left transform-inherit \" style=\"margin: 0 0 20px 0;\">Colegiaci\u00f3n presencial<\/h2>[vc_column_text]Ent\u00e9rate aqu\u00ed sobre c\u00f3mo colegiarte. Si lo deseas puedes pasar por nuestras oficinas.[\/vc_column_text]<a href=\"\/como-colegiarse\/colegiacion-presencial\/\" target=\"_self\" class=\"button color-3 medium outline\" style=\"border-radius: ;\">Colegiaci\u00f3n presencial<\/a>[\/vc_column][\/vc_row][\/vc_section][vc_section full_width=&#8221;stretch_row_content&#8221; disable_element=&#8221;yes&#8221; el_id=&#8221;seccionColegiacionOnline&#8221; el_class=&#8221;seccionQueNecesitas&#8221;][vc_row type=&#8221;full_width_section&#8221;][vc_column el_class=&#8221;columna izq morado&#8221; column_center=&#8221;true&#8221; width=&#8221;1\/2&#8243;]<h2 class=\"headline font-inherit fontsize-inherit fontweight-inherit lh-inherit align-left transform-inherit \" style=\"margin: 0 0 20px 0;\">Colegiaci\u00f3n on-line con firma digital<\/h2>[vc_column_text]Lorem ipsum dolor sit amet.<\/p>\n<p>Solicita la firma digital, si no la tienes, antes de comenzar con el formulario[\/vc_column_text]<a href=\"#\" target=\"_self\" class=\"button color-3 medium outline\" style=\"border-radius: ;\">Rellena el formulario<\/a>[\/vc_column][vc_column el_class=&#8221;columna dcha verde&#8221; bg_color=&#8221;#7a1f5e&#8221; bg_image=&#8221;14295&#8243; column_center=&#8221;true&#8221; width=&#8221;1\/2&#8243;][\/vc_column][\/vc_row][\/vc_section][vc_section full_width=&#8221;stretch_row&#8221; el_id=&#8221;seccionFormularioContacto&#8221; css=&#8221;.vc_custom_1601464511718{background: #fef5fb url(https:\/\/www.cofgipuzkoa.eus\/wp-content\/uploads\/2020\/09\/bg_contacto.jpg?id=14367) !important;background-position: center !important;background-repeat: no-repeat !important;background-size: cover !important;}&#8221;][vc_row class=&#8221;morado&#8221;][vc_column width=&#8221;1\/1&#8243;]<h2 class=\"headline font-inherit fontsize-inherit fontweight-inherit lh-inherit align-center transform-inherit \" style=\"margin: 0 0 20px 0;\">\u00bfTienes alguna duda?<br \/>\n<\/h2>[vc_column_text el_class=&#8221;postTitle&#8221;]<\/p>\n<p style=\"text-align: center;\">Nosotros te ayudamos<\/p>\n<p>[\/vc_column_text][vc_column_text]<\/p>\n<p style=\"text-align: center;\">\n<div class=\"wpcf7 no-js\" id=\"wpcf7-f15152-o1\" lang=\"eu-ES\" dir=\"ltr\" data-wpcf7-id=\"15152\">\n<div class=\"screen-reader-response\"><p role=\"status\" aria-live=\"polite\" aria-atomic=\"true\"><\/p> <ul><\/ul><\/div>\n<form action=\"\/eu\/wp-json\/wp\/v2\/pages\/15553#wpcf7-f15152-o1\" method=\"post\" class=\"wpcf7-form init\" aria-label=\"Contact form\" novalidate=\"novalidate\" data-status=\"init\">\n<div style=\"display: none;\">\n<input type=\"hidden\" name=\"_wpcf7\" value=\"15152\" \/>\n<input type=\"hidden\" name=\"_wpcf7_version\" value=\"6.0.6\" \/>\n<input type=\"hidden\" name=\"_wpcf7_locale\" value=\"eu_ES\" \/>\n<input type=\"hidden\" name=\"_wpcf7_unit_tag\" value=\"wpcf7-f15152-o1\" \/>\n<input type=\"hidden\" name=\"_wpcf7_container_post\" value=\"0\" \/>\n<input type=\"hidden\" name=\"_wpcf7_posted_data_hash\" value=\"\" \/>\n<input type=\"hidden\" name=\"_wpcf7_recaptcha_response\" value=\"\" \/>\n<\/div>\n<div class=\"row dos\">\n\t<div>\n\t\t<p><label> * Izena<\/label>\n\t\t<\/p>\n\t\t<div class=\"campo\">\n\t\t\t<p><span class=\"wpcf7-form-control-wrap\" data-name=\"your-name\"><input size=\"40\" maxlength=\"400\" class=\"wpcf7-form-control wpcf7-text wpcf7-validates-as-required\" aria-required=\"true\" aria-invalid=\"false\" value=\"\" type=\"text\" name=\"your-name\" \/><\/span>\n\t\t\t<\/p>\n\t\t<\/div>\n\t<\/div>\n\t<div>\n\t\t<p><label> * Posta elektronikoa <\/label>\n\t\t<\/p>\n\t\t<div class=\"campo\">\n\t\t\t<p><span class=\"wpcf7-form-control-wrap\" data-name=\"your-email\"><input size=\"40\" maxlength=\"400\" class=\"wpcf7-form-control wpcf7-email wpcf7-validates-as-required wpcf7-text wpcf7-validates-as-email\" aria-required=\"true\" aria-invalid=\"false\" value=\"\" type=\"email\" name=\"your-email\" \/><\/span>\n\t\t\t<\/p>\n\t\t<\/div>\n\t<\/div>\n<\/div>\n<div class=\"row\">\n\t<p><label> Kontsulta<\/label>\n\t<\/p>\n\t<div class=\"campo\">\n\t\t<p><span class=\"wpcf7-form-control-wrap\" data-name=\"your-message\"><textarea cols=\"40\" rows=\"10\" maxlength=\"2000\" class=\"wpcf7-form-control wpcf7-textarea wpcf7-validates-as-required\" aria-required=\"true\" aria-invalid=\"false\" name=\"your-message\"><\/textarea><\/span>\n\t\t<\/p>\n\t<\/div>\n<\/div>\n<div class=\"row check\">\n\t<p><span class=\"wpcf7-form-control-wrap\" data-name=\"acceptance-383\"><span class=\"wpcf7-form-control wpcf7-acceptance\"><span class=\"wpcf7-list-item\"><label><input type=\"checkbox\" name=\"acceptance-383\" value=\"1\" aria-invalid=\"false\" \/><span class=\"wpcf7-list-item-label\"><a href=\"https:\/\/www.cofgipuzkoa.eus\/eu\/terminoak-eta-baldintzak-irakurri-eta-onartzen-ditut\/\" target=\"_blank\" alt=\"Terminoak eta baldintzak irakurri eta onartzen ditut\" title=\"Terminoak eta baldintzak irakurri eta onartzen ditut\">Terminoak eta baldintzak irakurri eta onartzen ditut<\/a><\/span><\/label><\/span><\/span><\/span>\n\t<\/p>\n<\/div>\n<input class=\"wpcf7-form-control wpcf7-hidden\" value=\"\" type=\"hidden\" name=\"email_usuario\" \/>\n<input class=\"wpcf7-form-control wpcf7-hidden\" value=\"\" type=\"hidden\" name=\"nombre_usuario\" \/>\n<input class=\"wpcf7-form-control wpcf7-hidden\" value=\"\" type=\"hidden\" name=\"apellido_usuario\" \/>\n<div class=\"row submit\">\n\t<p><input class=\"wpcf7-form-control wpcf7-submit has-spinner\" type=\"submit\" value=\"Bidali\" \/>\n\t<\/p>\n<\/div><div class=\"wpcf7-response-output\" aria-hidden=\"true\"><\/div>\n<\/form>\n<\/div>\n<p>[\/vc_column_text][\/vc_column][\/vc_row][\/vc_section]<\/p>\n<\/div>","protected":false},"excerpt":{"rendered":"<p>[vc_row class=&#8221;pageContenido&#8221;][vc_column width=&#8221;1\/1&#8243;][vc_column_text] Ser\u00e1 requisito indispensable para el ejercicio de la profesi\u00f3n de farmac\u00e9utico en Bizkaia, la incorporaci\u00f3n al Colegio Oficial de Farmac\u00e9uticos de Bizkaia. Se entiende que un farmac\u00e9utico ejerce la profesi\u00f3n, a efectos de exigencia de colegiaci\u00f3n, cuando realice una actividad para la que la normativa vigente requiera el t\u00edtulo de grado o licenciatura en farmacia. Cuando la profesi\u00f3n se organice por Colegios Territoriales, como es el caso de farmacia, bastar\u00e1 la incorporaci\u00f3n a uno solo de ellos, que ser\u00e1 el del &#8220;domicilio profesional \u00fanico o principal&#8221;. Un farmac\u00e9utico con ejercicio profesional compatible en dos provincias distintas podr\u00e1 colegiarse en cualquiera de las dos provincias o en las dos simult\u00e1neamente; aunque una sola colegiaci\u00f3n le bastar\u00e1 para ejercer en ambas provincias. Si opta por la colegiaci\u00f3n \u00fanica, en su Colegio estar\u00e1 colegiado como ejerciente, en el otro constar\u00e1 la comunicaci\u00f3n de ejercicio. Un colegiado en el COFBi como no ejerciente, si pasa a la modalidad de ejerciente fuera del \u00e1mbito territorial de Bizkaia, tiene varias opciones: Colegiarse en el Colegio donde va a realizar la actividad profesional y darse de baja en el COFBi. Continuar colegiado en el COFBi y pasar autom\u00e1ticamente a la modalidad de ejerciente fuera [&hellip;]<\/p>\n","protected":false},"author":1107,"featured_media":0,"parent":0,"menu_order":0,"comment_status":"closed","ping_status":"closed","template":"","meta":{"_acf_changed":false,"om_disable_all_campaigns":false,"footnotes":""},"class_list":["post-15553","page","type-page","status-publish","hentry"],"acf":[],"yoast_head":"<!-- This site is optimized with the Yoast SEO plugin v23.1 - https:\/\/yoast.com\/wordpress\/plugins\/seo\/ -->\n<title>Bazkide Egin - Bat egin Gipuzkoako Farmazialarien Elkargoarekin<\/title>\n<meta name=\"description\" content=\"Aurkitu Gipuzkoan farmazialari gisa bazkide egiteko urratsak; gure profesionalen komunitatearekin bat egin eta zerbitzuetaz gozatu.\" \/>\n<meta name=\"robots\" content=\"index, follow, max-snippet:-1, max-image-preview:large, max-video-preview:-1\" \/>\n<link rel=\"canonical\" href=\"https:\/\/www.cofgipuzkoa.eus\/eu\/nola-egin-elkargokide\/\" \/>\n<meta property=\"og:locale\" content=\"eu_ES\" \/>\n<meta property=\"og:type\" content=\"article\" \/>\n<meta property=\"og:title\" content=\"Bazkide Egin - Bat egin Gipuzkoako Farmazialarien Elkargoarekin\" \/>\n<meta property=\"og:description\" content=\"Aurkitu Gipuzkoan farmazialari gisa bazkide egiteko urratsak; gure profesionalen komunitatearekin bat egin eta zerbitzuetaz gozatu.\" \/>\n<meta property=\"og:url\" content=\"https:\/\/www.cofgipuzkoa.eus\/eu\/nola-egin-elkargokide\/\" \/>\n<meta property=\"og:site_name\" content=\"Colegio Oficial de Farmac\u00e9uticos de Gipuzkoa - Gipuzkoako Farmazilarien Elkargo Ofiziala\" \/>\n<meta property=\"article:modified_time\" content=\"2024-01-02T09:14:37+00:00\" \/>\n<meta property=\"og:image\" content=\"https:\/\/www.cofgipuzkoa.eus\/wp-content\/uploads\/2023\/12\/cofg.jpg\" \/>\n\t<meta property=\"og:image:width\" content=\"1200\" \/>\n\t<meta property=\"og:image:height\" content=\"675\" \/>\n\t<meta property=\"og:image:type\" content=\"image\/jpeg\" \/>\n<meta name=\"twitter:card\" content=\"summary_large_image\" \/>\n<meta name=\"twitter:site\" content=\"@GipuzkoaCOF\" \/>\n<meta name=\"twitter:label1\" content=\"Est. reading time\" \/>\n\t<meta name=\"twitter:data1\" content=\"4 minutes\" \/>\n<script type=\"application\/ld+json\" class=\"yoast-schema-graph\">{\"@context\":\"https:\/\/schema.org\",\"@graph\":[{\"@type\":\"WebPage\",\"@id\":\"https:\/\/www.cofgipuzkoa.eus\/eu\/nola-egin-elkargokide\/\",\"url\":\"https:\/\/www.cofgipuzkoa.eus\/eu\/nola-egin-elkargokide\/\",\"name\":\"Bazkide Egin - Bat egin Gipuzkoako Farmazialarien Elkargoarekin\",\"isPartOf\":{\"@id\":\"https:\/\/www.cofgipuzkoa.eus\/#website\"},\"datePublished\":\"2021-03-10T15:46:00+00:00\",\"dateModified\":\"2024-01-02T09:14:37+00:00\",\"description\":\"Aurkitu Gipuzkoan farmazialari gisa bazkide egiteko urratsak; gure profesionalen komunitatearekin bat egin eta zerbitzuetaz gozatu.\",\"breadcrumb\":{\"@id\":\"https:\/\/www.cofgipuzkoa.eus\/eu\/nola-egin-elkargokide\/#breadcrumb\"},\"inLanguage\":\"eu-ES\",\"potentialAction\":[{\"@type\":\"ReadAction\",\"target\":[\"https:\/\/www.cofgipuzkoa.eus\/eu\/nola-egin-elkargokide\/\"]}]},{\"@type\":\"BreadcrumbList\",\"@id\":\"https:\/\/www.cofgipuzkoa.eus\/eu\/nola-egin-elkargokide\/#breadcrumb\",\"itemListElement\":[{\"@type\":\"ListItem\",\"position\":1,\"name\":\"Home\",\"item\":\"https:\/\/www.cofgipuzkoa.eus\/eu\/\"},{\"@type\":\"ListItem\",\"position\":2,\"name\":\"Nola egin elkargokide\"}]},{\"@type\":\"WebSite\",\"@id\":\"https:\/\/www.cofgipuzkoa.eus\/#website\",\"url\":\"https:\/\/www.cofgipuzkoa.eus\/\",\"name\":\"Colegio Oficial de Farmac\u00e9uticos de Gipuzkoa - Gipuzkoako Farmazilarien Elkargo Ofiziala\",\"description\":\"Colegio Oficial de Farmac\u00e9uticos de Gipuzkoa - Gipuzkoako Farmazilarien Elkargo Ofiziala\",\"publisher\":{\"@id\":\"https:\/\/www.cofgipuzkoa.eus\/#organization\"},\"potentialAction\":[{\"@type\":\"SearchAction\",\"target\":{\"@type\":\"EntryPoint\",\"urlTemplate\":\"https:\/\/www.cofgipuzkoa.eus\/?s={search_term_string}\"},\"query-input\":\"required name=search_term_string\"}],\"inLanguage\":\"eu-ES\"},{\"@type\":\"Organization\",\"@id\":\"https:\/\/www.cofgipuzkoa.eus\/#organization\",\"name\":\"Colegio Oficial de Farmac\u00e9uticos de Gipuzkoa - Gipuzkoako Farmazilarien Elkargo Ofiziala\",\"url\":\"https:\/\/www.cofgipuzkoa.eus\/\",\"logo\":{\"@type\":\"ImageObject\",\"inLanguage\":\"eu-ES\",\"@id\":\"https:\/\/www.cofgipuzkoa.eus\/#\/schema\/logo\/image\/\",\"url\":\"https:\/\/www.cofgipuzkoa.eus\/wp-content\/uploads\/2023\/11\/cofg_logo.png\",\"contentUrl\":\"https:\/\/www.cofgipuzkoa.eus\/wp-content\/uploads\/2023\/11\/cofg_logo.png\",\"width\":112,\"height\":112,\"caption\":\"Colegio Oficial de Farmac\u00e9uticos de Gipuzkoa - Gipuzkoako Farmazilarien Elkargo Ofiziala\"},\"image\":{\"@id\":\"https:\/\/www.cofgipuzkoa.eus\/#\/schema\/logo\/image\/\"},\"sameAs\":[\"https:\/\/x.com\/GipuzkoaCOF\"]}]}<\/script>\n<!-- \/ Yoast SEO plugin. -->","yoast_head_json":{"title":"Bazkide Egin - Bat egin Gipuzkoako Farmazialarien Elkargoarekin","description":"Aurkitu Gipuzkoan farmazialari gisa bazkide egiteko urratsak; gure profesionalen komunitatearekin bat egin eta zerbitzuetaz gozatu.","robots":{"index":"index","follow":"follow","max-snippet":"max-snippet:-1","max-image-preview":"max-image-preview:large","max-video-preview":"max-video-preview:-1"},"canonical":"https:\/\/www.cofgipuzkoa.eus\/eu\/nola-egin-elkargokide\/","og_locale":"eu_ES","og_type":"article","og_title":"Bazkide Egin - Bat egin Gipuzkoako Farmazialarien Elkargoarekin","og_description":"Aurkitu Gipuzkoan farmazialari gisa bazkide egiteko urratsak; gure profesionalen komunitatearekin bat egin eta zerbitzuetaz gozatu.","og_url":"https:\/\/www.cofgipuzkoa.eus\/eu\/nola-egin-elkargokide\/","og_site_name":"Colegio Oficial de Farmac\u00e9uticos de Gipuzkoa - Gipuzkoako Farmazilarien Elkargo Ofiziala","article_modified_time":"2024-01-02T09:14:37+00:00","og_image":[{"width":1200,"height":675,"url":"https:\/\/www.cofgipuzkoa.eus\/wp-content\/uploads\/2023\/12\/cofg.jpg","type":"image\/jpeg"}],"twitter_card":"summary_large_image","twitter_site":"@GipuzkoaCOF","twitter_misc":{"Est. reading time":"4 minutes"},"schema":{"@context":"https:\/\/schema.org","@graph":[{"@type":"WebPage","@id":"https:\/\/www.cofgipuzkoa.eus\/eu\/nola-egin-elkargokide\/","url":"https:\/\/www.cofgipuzkoa.eus\/eu\/nola-egin-elkargokide\/","name":"Bazkide Egin - Bat egin Gipuzkoako Farmazialarien Elkargoarekin","isPartOf":{"@id":"https:\/\/www.cofgipuzkoa.eus\/#website"},"datePublished":"2021-03-10T15:46:00+00:00","dateModified":"2024-01-02T09:14:37+00:00","description":"Aurkitu Gipuzkoan farmazialari gisa bazkide egiteko urratsak; gure profesionalen komunitatearekin bat egin eta zerbitzuetaz gozatu.","breadcrumb":{"@id":"https:\/\/www.cofgipuzkoa.eus\/eu\/nola-egin-elkargokide\/#breadcrumb"},"inLanguage":"eu-ES","potentialAction":[{"@type":"ReadAction","target":["https:\/\/www.cofgipuzkoa.eus\/eu\/nola-egin-elkargokide\/"]}]},{"@type":"BreadcrumbList","@id":"https:\/\/www.cofgipuzkoa.eus\/eu\/nola-egin-elkargokide\/#breadcrumb","itemListElement":[{"@type":"ListItem","position":1,"name":"Home","item":"https:\/\/www.cofgipuzkoa.eus\/eu\/"},{"@type":"ListItem","position":2,"name":"Nola egin elkargokide"}]},{"@type":"WebSite","@id":"https:\/\/www.cofgipuzkoa.eus\/#website","url":"https:\/\/www.cofgipuzkoa.eus\/","name":"Colegio Oficial de Farmac\u00e9uticos de Gipuzkoa - Gipuzkoako Farmazilarien Elkargo Ofiziala","description":"Colegio Oficial de Farmac\u00e9uticos de Gipuzkoa - Gipuzkoako Farmazilarien Elkargo Ofiziala","publisher":{"@id":"https:\/\/www.cofgipuzkoa.eus\/#organization"},"potentialAction":[{"@type":"SearchAction","target":{"@type":"EntryPoint","urlTemplate":"https:\/\/www.cofgipuzkoa.eus\/?s={search_term_string}"},"query-input":"required name=search_term_string"}],"inLanguage":"eu-ES"},{"@type":"Organization","@id":"https:\/\/www.cofgipuzkoa.eus\/#organization","name":"Colegio Oficial de Farmac\u00e9uticos de Gipuzkoa - Gipuzkoako Farmazilarien Elkargo Ofiziala","url":"https:\/\/www.cofgipuzkoa.eus\/","logo":{"@type":"ImageObject","inLanguage":"eu-ES","@id":"https:\/\/www.cofgipuzkoa.eus\/#\/schema\/logo\/image\/","url":"https:\/\/www.cofgipuzkoa.eus\/wp-content\/uploads\/2023\/11\/cofg_logo.png","contentUrl":"https:\/\/www.cofgipuzkoa.eus\/wp-content\/uploads\/2023\/11\/cofg_logo.png","width":112,"height":112,"caption":"Colegio Oficial de Farmac\u00e9uticos de Gipuzkoa - Gipuzkoako Farmazilarien Elkargo Ofiziala"},"image":{"@id":"https:\/\/www.cofgipuzkoa.eus\/#\/schema\/logo\/image\/"},"sameAs":["https:\/\/x.com\/GipuzkoaCOF"]}]}},"publishpress_future_action":{"enabled":false,"date":"2026-04-29 12:47:30","action":"change-status","newStatus":"draft","terms":[],"taxonomy":"translation_priority"},"_links":{"self":[{"href":"https:\/\/www.cofgipuzkoa.eus\/eu\/wp-json\/wp\/v2\/pages\/15553"}],"collection":[{"href":"https:\/\/www.cofgipuzkoa.eus\/eu\/wp-json\/wp\/v2\/pages"}],"about":[{"href":"https:\/\/www.cofgipuzkoa.eus\/eu\/wp-json\/wp\/v2\/types\/page"}],"author":[{"embeddable":true,"href":"https:\/\/www.cofgipuzkoa.eus\/eu\/wp-json\/wp\/v2\/users\/1107"}],"replies":[{"embeddable":true,"href":"https:\/\/www.cofgipuzkoa.eus\/eu\/wp-json\/wp\/v2\/comments?post=15553"}],"version-history":[{"count":1,"href":"https:\/\/www.cofgipuzkoa.eus\/eu\/wp-json\/wp\/v2\/pages\/15553\/revisions"}],"predecessor-version":[{"id":21362,"href":"https:\/\/www.cofgipuzkoa.eus\/eu\/wp-json\/wp\/v2\/pages\/15553\/revisions\/21362"}],"wp:attachment":[{"href":"https:\/\/www.cofgipuzkoa.eus\/eu\/wp-json\/wp\/v2\/media?parent=15553"}],"curies":[{"name":"wp","href":"https:\/\/api.w.org\/{rel}","templated":true}]}}