{"id":15550,"date":"2021-03-10T16:36:00","date_gmt":"2021-03-10T15:36:00","guid":{"rendered":"https:\/\/cofg.merkatu.info\/?page_id=15550"},"modified":"2024-01-02T10:16:32","modified_gmt":"2024-01-02T09:16:32","slug":"listado-de-noticias-eu","status":"publish","type":"page","link":"https:\/\/www.cofgipuzkoa.eus\/eu\/listado-de-noticias-eu\/","title":{"rendered":"Berriak"},"content":{"rendered":"<div class=\"wpb-content-wrapper\"><p>[vc_row class=&#8221;morado pageNoticias&#8221;][vc_column width=&#8221;1\/1&#8243;]<h2 class=\"headline font-inherit fontsize-inherit fontweight-inherit lh-inherit align-center transform-inherit titulo_pagina\" style=\"margin: 0 0 20px 0;\">Berriak<\/h2>[vc_column_text]<div class=\"pt-cv-wrapper\"><div class=\"pt-cv-view pt-cv-grid pt-cv-colsys pt-cv-pgregular\" id=\"pt-cv-view-3c6fde8rkz\"><div data-id=\"pt-cv-page-1\" class=\"pt-cv-page\" data-cvc=\"4\"><div class=\"col-md-3 col-sm-6 col-xs-12 pt-cv-content-item pt-cv-1-col\"  data-pid=\"26256\"><div class='pt-cv-ifield'><a href=\"https:\/\/www.cofgipuzkoa.eus\/eu\/farmazian-lehenengo-hitza-euskaraz-entzuteak-konfiantza-ematen-die-askori\/\" class=\"_self pt-cv-href-thumbnail pt-cv-thumb-default cvplbd\" target=\"_self\" ><img loading=\"lazy\" decoding=\"async\" width=\"266\" height=\"200\" src=\"https:\/\/www.cofgipuzkoa.eus\/wp-content\/uploads\/2026\/04\/ef-730649-15867387-scaled-266x200.jpeg\" class=\"pt-cv-thumbnail img-none no-lazyload \" alt=\"FARMAZIAN LEHENENGO HITZA EUSKARAZ ENTZUTEAK KONFIANTZA EMATEN DIE ASKORI\" srcset=\"https:\/\/www.cofgipuzkoa.eus\/wp-content\/uploads\/2026\/04\/ef-730649-15867387-scaled-266x200.jpeg\" sizes=\"(max-width: 266px) 100vw, 266px\" \/><\/a>\n<h4 class=\"pt-cv-title\"><a href=\"https:\/\/www.cofgipuzkoa.eus\/eu\/farmazian-lehenengo-hitza-euskaraz-entzuteak-konfiantza-ematen-die-askori\/\" class=\"_self cvplbd\" target=\"_self\" >FARMAZIAN LEHENENGO HITZA EUSKARAZ ENTZUTEAK KONFIANTZA EMATEN DIE ASKORI<\/a><\/h4>\n<div class=\"pt-cv-meta-fields\"><span class=\"entry-date\"><span class=\"glyphicon glyphicon-calendar\"><\/span> <time datetime=\"2026-04-07T13:50:33+02:00\">07\/04\/2026<\/time><\/span><\/div>\n<div class=\"pt-cv-content\">Feuse Farmazialari Euskaldunen Elkarteak 30 urte bete ditu; eremu horretan ere euskaltzaletasuna suspertzeak duen garrantzia gogoratu dute elkarteko ordezkari Goienetxeak eta O\u00f1atibiak. Berria ikusi<br \/><div class=\"pt-cv-rmwrap\"><a href=\"https:\/\/www.cofgipuzkoa.eus\/eu\/farmazian-lehenengo-hitza-euskaraz-entzuteak-konfiantza-ematen-die-askori\/\" class=\"_self pt-cv-readmore btn btn-success cvplbd\" target=\"_self\">Gehiago<\/a><\/div><\/div><\/div><\/div>\n<div class=\"col-md-3 col-sm-6 col-xs-12 pt-cv-content-item pt-cv-1-col\"  data-pid=\"26198\"><div class='pt-cv-ifield'><a href=\"https:\/\/www.cofgipuzkoa.eus\/eu\/osasun-sailak-adimen-edo-garapen-desgaitasuna-duten-pertsonentzako-oti-lehenetsia-jarriko-du-abian\/\" class=\"_self pt-cv-href-thumbnail pt-cv-thumb-default cvplbd\" target=\"_self\" ><img loading=\"lazy\" decoding=\"async\" width=\"266\" height=\"200\" src=\"https:\/\/www.cofgipuzkoa.eus\/wp-content\/uploads\/2026\/03\/n770__JMM8698-266x200.jpg\" class=\"pt-cv-thumbnail img-none no-lazyload \" alt=\"OSASUN SAILAK ETA EUSKADIKO FARMAZIALARIEN ELKARGO OFIZIALEK FARMAZIA KOMUNITARIOAREN ZEREGIN ASISTENTZIALA INDARTZEN DUTE, ARRETA FARMAZEUTIKOKO PROGRAMAK SENDOTUZ\" srcset=\"https:\/\/www.cofgipuzkoa.eus\/wp-content\/uploads\/2026\/03\/n770__JMM8698-266x200.jpg\" sizes=\"(max-width: 266px) 100vw, 266px\" \/><\/a>\n<h4 class=\"pt-cv-title\"><a href=\"https:\/\/www.cofgipuzkoa.eus\/eu\/osasun-sailak-adimen-edo-garapen-desgaitasuna-duten-pertsonentzako-oti-lehenetsia-jarriko-du-abian\/\" class=\"_self cvplbd\" target=\"_self\" >OSASUN SAILAK ETA EUSKADIKO FARMAZIALARIEN ELKARGO OFIZIALEK FARMAZIA KOMUNITARIOAREN ZEREGIN ASISTENTZIALA INDARTZEN DUTE, ARRETA FARMAZEUTIKOKO PROGRAMAK SENDOTUZ<\/a><\/h4>\n<div class=\"pt-cv-meta-fields\"><span class=\"entry-date\"><span class=\"glyphicon glyphicon-calendar\"><\/span> <time datetime=\"2026-03-23T18:17:06+01:00\">23\/03\/2026<\/time><\/span><\/div>\n<div class=\"pt-cv-content\">Eusko Jaurlaritzako Osasuneko sailburu Alberto Mart\u00ednezek, Euskal Autonomia Erkidegoko Farmazialarien Elkargo Ofizialetako lehendakariekin batera (Arabako Elkargoko presidente Agros L\u00f3pez de Oc\u00e1riz eta, gaur egun, Kontseilukoa; Bizkaiko Elkargoko Juan Uriarte eta Gipuzkoako Miguel \u00c1ngel Gastelurrutia), Osasun Saileko Farmazia Zuzendaritzak<br \/><div class=\"pt-cv-rmwrap\"><a href=\"https:\/\/www.cofgipuzkoa.eus\/eu\/osasun-sailak-adimen-edo-garapen-desgaitasuna-duten-pertsonentzako-oti-lehenetsia-jarriko-du-abian\/\" class=\"_self pt-cv-readmore btn btn-success cvplbd\" target=\"_self\">Gehiago<\/a><\/div><\/div><\/div><\/div>\n<div class=\"col-md-3 col-sm-6 col-xs-12 pt-cv-content-item pt-cv-1-col\"  data-pid=\"26154\"><div class='pt-cv-ifield'><a href=\"https:\/\/www.cofgipuzkoa.eus\/eu\/gipuzkoako-hogei-farmaziek-giltzurrunetako-gaixotasuna-goiz-detektatzeko-programa-bat-hasi-dute\/\" class=\"_self pt-cv-href-thumbnail pt-cv-thumb-default cvplbd\" target=\"_self\" ><img loading=\"lazy\" decoding=\"async\" width=\"266\" height=\"200\" src=\"https:\/\/www.cofgipuzkoa.eus\/wp-content\/uploads\/2026\/03\/pacientefarmaciarrazola_original-300x225-266x200.jpeg\" class=\"pt-cv-thumbnail img-none no-lazyload \" alt=\"GIPUZKOAKO HOGEI FARMAZIEK GILTZURRUNETAKO GAIXOTASUNA GOIZ DETEKTATZEKO PROGRAMA BAT HASI DUTE\" srcset=\"https:\/\/www.cofgipuzkoa.eus\/wp-content\/uploads\/2026\/03\/pacientefarmaciarrazola_original-300x225-266x200.jpeg\" sizes=\"(max-width: 266px) 100vw, 266px\" \/><\/a>\n<h4 class=\"pt-cv-title\"><a href=\"https:\/\/www.cofgipuzkoa.eus\/eu\/gipuzkoako-hogei-farmaziek-giltzurrunetako-gaixotasuna-goiz-detektatzeko-programa-bat-hasi-dute\/\" class=\"_self cvplbd\" target=\"_self\" >GIPUZKOAKO HOGEI FARMAZIEK GILTZURRUNETAKO GAIXOTASUNA GOIZ DETEKTATZEKO PROGRAMA BAT HASI DUTE<\/a><\/h4>\n<div class=\"pt-cv-meta-fields\"><span class=\"entry-date\"><span class=\"glyphicon glyphicon-calendar\"><\/span> <time datetime=\"2026-03-17T08:55:17+01:00\">17\/03\/2026<\/time><\/span><\/div>\n<div class=\"pt-cv-content\">COFGk baheketa-kanpaina bat abiarazi du, non, proba azkar eta minimoki inbaditzaile baten bidez, kreatinina neurtuko den parte hartzen duten farmazietan giltzurrun-funtzioa 30 segundotan bakarrik kalkulatzeko. Gehiago ikusi<br \/><div class=\"pt-cv-rmwrap\"><a href=\"https:\/\/www.cofgipuzkoa.eus\/eu\/gipuzkoako-hogei-farmaziek-giltzurrunetako-gaixotasuna-goiz-detektatzeko-programa-bat-hasi-dute\/\" class=\"_self pt-cv-readmore btn btn-success cvplbd\" target=\"_self\">Gehiago<\/a><\/div><\/div><\/div><\/div>\n<div class=\"col-md-3 col-sm-6 col-xs-12 pt-cv-content-item pt-cv-1-col\"  data-pid=\"26090\"><div class='pt-cv-ifield'><a href=\"https:\/\/www.cofgipuzkoa.eus\/eu\/alcer-gipuzkoak-eta-cofg-ek-akordio-bat-sinatu-dute-giltzurrunetako-gaixotasunari-heltzeko\/\" class=\"_self pt-cv-href-thumbnail pt-cv-thumb-default cvplbd\" target=\"_self\" ><img loading=\"lazy\" decoding=\"async\" width=\"266\" height=\"200\" src=\"https:\/\/www.cofgipuzkoa.eus\/wp-content\/uploads\/2026\/03\/acuerdo_cofg-266x200.jpg\" class=\"pt-cv-thumbnail img-none no-lazyload \" alt=\"ALCER GIPUZKOAK ETA COFG-EK AKORDIO BAT SINATU DUTE GILTZURRUNETAKO GAIXOTASUNARI HELTZEKO\" srcset=\"https:\/\/www.cofgipuzkoa.eus\/wp-content\/uploads\/2026\/03\/acuerdo_cofg-266x200.jpg\" sizes=\"(max-width: 266px) 100vw, 266px\" \/><\/a>\n<h4 class=\"pt-cv-title\"><a href=\"https:\/\/www.cofgipuzkoa.eus\/eu\/alcer-gipuzkoak-eta-cofg-ek-akordio-bat-sinatu-dute-giltzurrunetako-gaixotasunari-heltzeko\/\" class=\"_self cvplbd\" target=\"_self\" >ALCER GIPUZKOAK ETA COFG-EK AKORDIO BAT SINATU DUTE GILTZURRUNETAKO GAIXOTASUNARI HELTZEKO<\/a><\/h4>\n<div class=\"pt-cv-meta-fields\"><span class=\"entry-date\"><span class=\"glyphicon glyphicon-calendar\"><\/span> <time datetime=\"2026-03-11T16:42:55+01:00\">11\/03\/2026<\/time><\/span><\/div>\n<div class=\"pt-cv-content\">Gipuzkoako Farmazialarien Elkargo Ofizialak (COFG) eta Gipuzkoako ALCERek lankidetza-hitzarmena sinatu dute giltzurrunetako gaixotasunari aurre egiteko jarduerak garatzeko lan-esparru bateratua ezartzeko. Gehiago ikusi<br \/><div class=\"pt-cv-rmwrap\"><a href=\"https:\/\/www.cofgipuzkoa.eus\/eu\/alcer-gipuzkoak-eta-cofg-ek-akordio-bat-sinatu-dute-giltzurrunetako-gaixotasunari-heltzeko\/\" class=\"_self pt-cv-readmore btn btn-success cvplbd\" target=\"_self\">Gehiago<\/a><\/div><\/div><\/div><\/div>\n<div class=\"col-md-3 col-sm-6 col-xs-12 pt-cv-content-item pt-cv-1-col\"  data-pid=\"26086\"><div class='pt-cv-ifield'><a href=\"https:\/\/www.cofgipuzkoa.eus\/eu\/eusek-bere-30-urteurrena-ospatuko-du-farmazia-arloan-euskara-bultzatu-duten-profesionalak-eta-erakundeak-aitortuz\/\" class=\"_self pt-cv-href-thumbnail pt-cv-thumb-default cvplbd\" target=\"_self\" ><img loading=\"lazy\" decoding=\"async\" width=\"266\" height=\"200\" src=\"https:\/\/www.cofgipuzkoa.eus\/wp-content\/uploads\/2026\/03\/feuse-scaled-266x200.jpeg\" class=\"pt-cv-thumbnail img-none no-lazyload \" alt=\"EUSEk BERE 30. URTEURRENA OSPATUKO DU, FARMAZIA-ARLOAN EUSKARA BULTZATU DUTEN PROFESIONALAK ETA ERAKUNDEAK AITORTUZ\" srcset=\"https:\/\/www.cofgipuzkoa.eus\/wp-content\/uploads\/2026\/03\/feuse-scaled-266x200.jpeg\" sizes=\"(max-width: 266px) 100vw, 266px\" \/><\/a>\n<h4 class=\"pt-cv-title\"><a href=\"https:\/\/www.cofgipuzkoa.eus\/eu\/eusek-bere-30-urteurrena-ospatuko-du-farmazia-arloan-euskara-bultzatu-duten-profesionalak-eta-erakundeak-aitortuz\/\" class=\"_self cvplbd\" target=\"_self\" >EUSEk BERE 30. URTEURRENA OSPATUKO DU, FARMAZIA-ARLOAN EUSKARA BULTZATU DUTEN PROFESIONALAK ETA ERAKUNDEAK AITORTUZ<\/a><\/h4>\n<div class=\"pt-cv-meta-fields\"><span class=\"entry-date\"><span class=\"glyphicon glyphicon-calendar\"><\/span> <time datetime=\"2026-03-11T11:50:28+01:00\">11\/03\/2026<\/time><\/span><\/div>\n<div class=\"pt-cv-content\">Farmazialari Euskaldunen Elkarteak (FEUSE) bere 30. urteurrena ospatzeko ekitaldi nagusia egin zuen ostiralean Donostian. Topaketa horretan erakundearen ibilbidea errepasatu zen eta botiken arloan euskararen erabilera eta normalizazioa bultzatzen lagundu duten hainbat pertsona eta erakunde aintzatetsi ziren. Gehiago ikusi<br \/><div class=\"pt-cv-rmwrap\"><a href=\"https:\/\/www.cofgipuzkoa.eus\/eu\/eusek-bere-30-urteurrena-ospatuko-du-farmazia-arloan-euskara-bultzatu-duten-profesionalak-eta-erakundeak-aitortuz\/\" class=\"_self pt-cv-readmore btn btn-success cvplbd\" target=\"_self\">Gehiago<\/a><\/div><\/div><\/div><\/div>\n<div class=\"col-md-3 col-sm-6 col-xs-12 pt-cv-content-item pt-cv-1-col\"  data-pid=\"26057\"><div class='pt-cv-ifield'><a href=\"https:\/\/www.cofgipuzkoa.eus\/eu\/gipuzkoako-ospitaleko-farmazia-lanbide-heziketako-100-ikasle-baino-gehiagori-egindako-lanari-buruz\/\" class=\"_self pt-cv-href-thumbnail pt-cv-thumb-default cvplbd\" target=\"_self\" ><img loading=\"lazy\" decoding=\"async\" width=\"266\" height=\"200\" src=\"https:\/\/www.cofgipuzkoa.eus\/wp-content\/uploads\/2026\/03\/farmahospitalaria1-266x200.jpeg\" class=\"pt-cv-thumbnail img-none no-lazyload \" alt=\"GIPUZKOAKO OSPITALEKO FARMAZIA, LANBIDE HEZIKETAKO 100 IKASLE BAINO GEHIAGORI EGINDAKO LANARI BURUZ\" srcset=\"https:\/\/www.cofgipuzkoa.eus\/wp-content\/uploads\/2026\/03\/farmahospitalaria1-266x200.jpeg\" sizes=\"(max-width: 266px) 100vw, 266px\" \/><\/a>\n<h4 class=\"pt-cv-title\"><a href=\"https:\/\/www.cofgipuzkoa.eus\/eu\/gipuzkoako-ospitaleko-farmazia-lanbide-heziketako-100-ikasle-baino-gehiagori-egindako-lanari-buruz\/\" class=\"_self cvplbd\" target=\"_self\" >GIPUZKOAKO OSPITALEKO FARMAZIA, LANBIDE HEZIKETAKO 100 IKASLE BAINO GEHIAGORI EGINDAKO LANARI BURUZ<\/a><\/h4>\n<div class=\"pt-cv-meta-fields\"><span class=\"entry-date\"><span class=\"glyphicon glyphicon-calendar\"><\/span> <time datetime=\"2026-03-06T14:24:20+01:00\">06\/03\/2026<\/time><\/span><\/div>\n<div class=\"pt-cv-content\">Gipuzkoako Farmazialarien Elkargo Ofizialeko (GFEO) Ospitaleko Farmaziako Bokalak antolatutako Lanbide Heziketako Ospitale Farmaziako Sarrerari buruzko V. Jardunaldian, Gipuzkoako hiru zentrotako ikasleak bildu dira, ospitaleko farmazia-zerbitzuetara, haien funtzioetara eta eremu horrek eskaintzen dituen aukera profesionaletara hurbiltzeko. Gehiago ikusi<br \/><div class=\"pt-cv-rmwrap\"><a href=\"https:\/\/www.cofgipuzkoa.eus\/eu\/gipuzkoako-ospitaleko-farmazia-lanbide-heziketako-100-ikasle-baino-gehiagori-egindako-lanari-buruz\/\" class=\"_self pt-cv-readmore btn btn-success cvplbd\" target=\"_self\">Gehiago<\/a><\/div><\/div><\/div><\/div>\n<div class=\"col-md-3 col-sm-6 col-xs-12 pt-cv-content-item pt-cv-1-col\"  data-pid=\"26016\"><div class='pt-cv-ifield'><a href=\"https:\/\/www.cofgipuzkoa.eus\/eu\/cofg-ak-asma-hezitzaile-gisa-eratzen-ditu-farmazialariak-senp-aren-ondoan\/\" class=\"_self pt-cv-href-thumbnail pt-cv-thumb-default cvplbd\" target=\"_self\" ><img loading=\"lazy\" decoding=\"async\" width=\"266\" height=\"200\" src=\"https:\/\/www.cofgipuzkoa.eus\/wp-content\/uploads\/2026\/02\/cursoasmafarmaceuticos_original-266x200.jpeg\" class=\"pt-cv-thumbnail img-none no-lazyload \" alt=\"COFG-AK ASMA-HEZITZAILE GISA ERATZEN DITU FARMAZIALARIAK SENP-AREN ONDOAN\" srcset=\"https:\/\/www.cofgipuzkoa.eus\/wp-content\/uploads\/2026\/02\/cursoasmafarmaceuticos_original-266x200.jpeg\" sizes=\"(max-width: 266px) 100vw, 266px\" \/><\/a>\n<h4 class=\"pt-cv-title\"><a href=\"https:\/\/www.cofgipuzkoa.eus\/eu\/cofg-ak-asma-hezitzaile-gisa-eratzen-ditu-farmazialariak-senp-aren-ondoan\/\" class=\"_self cvplbd\" target=\"_self\" >COFG-AK ASMA-HEZITZAILE GISA ERATZEN DITU FARMAZIALARIAK SENP-AREN ONDOAN<\/a><\/h4>\n<div class=\"pt-cv-meta-fields\"><span class=\"entry-date\"><span class=\"glyphicon glyphicon-calendar\"><\/span> <time datetime=\"2026-02-26T12:35:02+01:00\">26\/02\/2026<\/time><\/span><\/div>\n<div class=\"pt-cv-content\">Gipuzkoako farmazia komunitarioak asistentzia-gaitasuna indartzen du \"Asma-hezitzaileak\" prestakuntzarekin; SENPek ematen duen ikastaroak inhalazio-teknikaren eta kontrol txarra detektatzearen arloko profesionalak gaitzen ditu krisi akutuak prebenitzeko. Gehiago ikusi<br \/><div class=\"pt-cv-rmwrap\"><a href=\"https:\/\/www.cofgipuzkoa.eus\/eu\/cofg-ak-asma-hezitzaile-gisa-eratzen-ditu-farmazialariak-senp-aren-ondoan\/\" class=\"_self pt-cv-readmore btn btn-success cvplbd\" target=\"_self\">Gehiago<\/a><\/div><\/div><\/div><\/div>\n<div class=\"col-md-3 col-sm-6 col-xs-12 pt-cv-content-item pt-cv-1-col\"  data-pid=\"25859\"><div class='pt-cv-ifield'><a href=\"https:\/\/www.cofgipuzkoa.eus\/eu\/61-municipios-guipuzcoanos-participan-ya-en-el-programa-de-spd-en-servicios-sociales\/\" class=\"_self pt-cv-href-thumbnail pt-cv-thumb-default cvplbd\" target=\"_self\" ><img loading=\"lazy\" decoding=\"async\" width=\"266\" height=\"200\" src=\"https:\/\/www.cofgipuzkoa.eus\/wp-content\/uploads\/2026\/02\/firmaitsasondo_original-266x200.webp\" class=\"pt-cv-thumbnail img-none no-lazyload \" alt=\"GIPUZKOAKO 61 UDALERRIK PARTE HARTZEN DUTE DAGOENEKO GIZARTE-ZERBITZUETAKO SPD PROGRAMAN\" srcset=\"https:\/\/www.cofgipuzkoa.eus\/wp-content\/uploads\/2026\/02\/firmaitsasondo_original-266x200.webp\" sizes=\"(max-width: 266px) 100vw, 266px\" \/><\/a>\n<h4 class=\"pt-cv-title\"><a href=\"https:\/\/www.cofgipuzkoa.eus\/eu\/61-municipios-guipuzcoanos-participan-ya-en-el-programa-de-spd-en-servicios-sociales\/\" class=\"_self cvplbd\" target=\"_self\" >GIPUZKOAKO 61 UDALERRIK PARTE HARTZEN DUTE DAGOENEKO GIZARTE-ZERBITZUETAKO SPD PROGRAMAN<\/a><\/h4>\n<div class=\"pt-cv-meta-fields\"><span class=\"entry-date\"><span class=\"glyphicon glyphicon-calendar\"><\/span> <time datetime=\"2026-02-06T14:19:28+01:00\">06\/02\/2026<\/time><\/span><\/div>\n<div class=\"pt-cv-content\">Eusko Jaurlaritzako Farmaziako zuzendari Jon I\u00f1aki Betolazak adierazi duenez, pazienteei sendagaiak errazago eskuratzeko eta tratamenduetara hobeto atxikitzeko aukera ematea da helburua. Gehiago ikusi<br \/><div class=\"pt-cv-rmwrap\"><a href=\"https:\/\/www.cofgipuzkoa.eus\/eu\/61-municipios-guipuzcoanos-participan-ya-en-el-programa-de-spd-en-servicios-sociales\/\" class=\"_self pt-cv-readmore btn btn-success cvplbd\" target=\"_self\">Gehiago<\/a><\/div><\/div><\/div><\/div><\/div><\/div>\n<div class=\"text-left pt-cv-pagination-wrapper\"><ul class=\"pt-cv-pagination pt-cv-ajax pagination\" data-totalpages=\"15\" data-currentpage=\"1\" data-sid=\"3c6fde8rkz\" data-unid=\"\" data-isblock=\"\" data-postid=\"\"><li class=\"active\"><a href=\"#\">1<\/a><\/li>\n\t<li ><a class=\"\" href=\"https:\/\/www.cofgipuzkoa.eus\/eu\/wp-json\/wp\/v2\/pages\/15550\/?_page=2\">2<\/a><\/li>\n\t<li ><a class=\"\" href=\"https:\/\/www.cofgipuzkoa.eus\/eu\/wp-json\/wp\/v2\/pages\/15550\/?_page=3\">3<\/a><\/li>\n\t<li ><a href=\"#\">&hellip;<\/a><\/li>\n\t<li ><a class=\"\" href=\"https:\/\/www.cofgipuzkoa.eus\/eu\/wp-json\/wp\/v2\/pages\/15550\/?_page=15\">15<\/a><\/li>\n\t<li ><a class=\" \" href=\"https:\/\/www.cofgipuzkoa.eus\/eu\/wp-json\/wp\/v2\/pages\/15550\/?_page=2\">&rsaquo;<\/a><\/li>\n\t<\/ul><img loading=\"lazy\" decoding=\"async\" width=\"15\" height=\"15\" class=\"pt-cv-spinner\" alt=\"Loading...\" src=\"data:image\/gif;base64,R0lGODlhDwAPALMPAMrKygwMDJOTkz09PZWVla+vr3p6euTk5M7OzuXl5TMzMwAAAJmZmWZmZszMzP\/\/\/yH\/C05FVFNDQVBFMi4wAwEAAAAh+QQFCgAPACwAAAAADwAPAAAEQvDJaZaZOIcV8iQK8VRX4iTYoAwZ4iCYoAjZ4RxejhVNoT+mRGP4cyF4Pp0N98sBGIBMEMOotl6YZ3S61Bmbkm4mAgAh+QQFCgAPACwAAAAADQANAAAENPDJSRSZeA418itN8QiK8BiLITVsFiyBBIoYqnoewAD4xPw9iY4XLGYSjkQR4UAUD45DLwIAIfkEBQoADwAsAAAAAA8ACQAABC\/wyVlamTi3nSdgwFNdhEJgTJoNyoB9ISYoQmdjiZPcj7EYCAeCF1gEDo4Dz2eIAAAh+QQFCgAPACwCAAAADQANAAAEM\/DJBxiYeLKdX3IJZT1FU0iIg2RNKx3OkZVnZ98ToRD4MyiDnkAh6BkNC0MvsAj0kMpHBAAh+QQFCgAPACwGAAAACQAPAAAEMDC59KpFDll73HkAA2wVY5KgiK5b0RRoI6MuzG6EQqCDMlSGheEhUAgqgUUAFRySIgAh+QQFCgAPACwCAAIADQANAAAEM\/DJKZNLND\/kkKaHc3xk+QAMYDKsiaqmZCxGVjSFFCxB1vwy2oOgIDxuucxAMTAJFAJNBAAh+QQFCgAPACwAAAYADwAJAAAEMNAs86q1yaWwwv2Ig0jUZx3OYa4XoRAfwADXoAwfo1+CIjyFRuEho60aSNYlOPxEAAAh+QQFCgAPACwAAAIADQANAAAENPA9s4y8+IUVcqaWJ4qEQozSoAzoIyhCK2NFU2SJk0hNnyEOhKR2AzAAj4Pj4GE4W0bkJQIAOw==\" \/><div class=\"clear pt-cv-clear-pagination\"><\/div><\/div><\/div>[\/vc_column_text][\/vc_column][\/vc_row]<\/p>\n<\/div>","protected":false},"excerpt":{"rendered":"<p>[vc_row class=&#8221;morado pageNoticias&#8221;][vc_column width=&#8221;1\/1&#8243;][vc_column_text][\/vc_column_text][\/vc_column][\/vc_row]<\/p>\n","protected":false},"author":1107,"featured_media":0,"parent":0,"menu_order":0,"comment_status":"closed","ping_status":"closed","template":"","meta":{"_acf_changed":false,"om_disable_all_campaigns":false,"footnotes":""},"class_list":["post-15550","page","type-page","status-publish","hentry"],"acf":[],"yoast_head":"<!-- This site is optimized with the Yoast SEO plugin v23.1 - https:\/\/yoast.com\/wordpress\/plugins\/seo\/ -->\n<title>Berri Berriak - Gipuzkoako Farmazialarien Elkargoa<\/title>\n<meta name=\"description\" content=\"Eguneratu Gipuzkoako Elkargoko azken berri, gertakizun eta gure komunitaterako garrantzitsuen eguneratzeekin.\" \/>\n<meta name=\"robots\" content=\"index, follow, max-snippet:-1, max-image-preview:large, max-video-preview:-1\" \/>\n<link rel=\"canonical\" href=\"https:\/\/www.cofgipuzkoa.eus\/eu\/listado-de-noticias-eu\/\" \/>\n<meta property=\"og:locale\" content=\"eu_ES\" \/>\n<meta property=\"og:type\" content=\"article\" \/>\n<meta property=\"og:title\" content=\"Berri Berriak - Gipuzkoako Farmazialarien Elkargoa\" \/>\n<meta property=\"og:description\" content=\"Eguneratu Gipuzkoako Elkargoko azken berri, gertakizun eta gure komunitaterako garrantzitsuen eguneratzeekin.\" \/>\n<meta property=\"og:url\" content=\"https:\/\/www.cofgipuzkoa.eus\/eu\/listado-de-noticias-eu\/\" \/>\n<meta property=\"og:site_name\" content=\"Colegio Oficial de Farmac\u00e9uticos de Gipuzkoa - Gipuzkoako Farmazilarien Elkargo Ofiziala\" \/>\n<meta property=\"article:modified_time\" content=\"2024-01-02T09:16:32+00:00\" \/>\n<meta property=\"og:image\" content=\"https:\/\/www.cofgipuzkoa.eus\/wp-content\/uploads\/2023\/12\/cofg.jpg\" \/>\n\t<meta property=\"og:image:width\" content=\"1200\" \/>\n\t<meta property=\"og:image:height\" content=\"675\" \/>\n\t<meta property=\"og:image:type\" content=\"image\/jpeg\" \/>\n<meta name=\"twitter:card\" content=\"summary_large_image\" \/>\n<meta name=\"twitter:site\" content=\"@GipuzkoaCOF\" \/>\n<script type=\"application\/ld+json\" class=\"yoast-schema-graph\">{\"@context\":\"https:\/\/schema.org\",\"@graph\":[{\"@type\":\"WebPage\",\"@id\":\"https:\/\/www.cofgipuzkoa.eus\/eu\/listado-de-noticias-eu\/\",\"url\":\"https:\/\/www.cofgipuzkoa.eus\/eu\/listado-de-noticias-eu\/\",\"name\":\"Berri Berriak - Gipuzkoako Farmazialarien Elkargoa\",\"isPartOf\":{\"@id\":\"https:\/\/www.cofgipuzkoa.eus\/#website\"},\"datePublished\":\"2021-03-10T15:36:00+00:00\",\"dateModified\":\"2024-01-02T09:16:32+00:00\",\"description\":\"Eguneratu Gipuzkoako Elkargoko azken berri, gertakizun eta gure komunitaterako garrantzitsuen eguneratzeekin.\",\"breadcrumb\":{\"@id\":\"https:\/\/www.cofgipuzkoa.eus\/eu\/listado-de-noticias-eu\/#breadcrumb\"},\"inLanguage\":\"eu-ES\",\"potentialAction\":[{\"@type\":\"ReadAction\",\"target\":[\"https:\/\/www.cofgipuzkoa.eus\/eu\/listado-de-noticias-eu\/\"]}]},{\"@type\":\"BreadcrumbList\",\"@id\":\"https:\/\/www.cofgipuzkoa.eus\/eu\/listado-de-noticias-eu\/#breadcrumb\",\"itemListElement\":[{\"@type\":\"ListItem\",\"position\":1,\"name\":\"Home\",\"item\":\"https:\/\/www.cofgipuzkoa.eus\/eu\/\"},{\"@type\":\"ListItem\",\"position\":2,\"name\":\"Berriak\"}]},{\"@type\":\"WebSite\",\"@id\":\"https:\/\/www.cofgipuzkoa.eus\/#website\",\"url\":\"https:\/\/www.cofgipuzkoa.eus\/\",\"name\":\"Colegio Oficial de Farmac\u00e9uticos de Gipuzkoa - Gipuzkoako Farmazilarien Elkargo Ofiziala\",\"description\":\"Colegio Oficial de Farmac\u00e9uticos de Gipuzkoa - Gipuzkoako Farmazilarien Elkargo Ofiziala\",\"publisher\":{\"@id\":\"https:\/\/www.cofgipuzkoa.eus\/#organization\"},\"potentialAction\":[{\"@type\":\"SearchAction\",\"target\":{\"@type\":\"EntryPoint\",\"urlTemplate\":\"https:\/\/www.cofgipuzkoa.eus\/?s={search_term_string}\"},\"query-input\":\"required name=search_term_string\"}],\"inLanguage\":\"eu-ES\"},{\"@type\":\"Organization\",\"@id\":\"https:\/\/www.cofgipuzkoa.eus\/#organization\",\"name\":\"Colegio Oficial de Farmac\u00e9uticos de Gipuzkoa - Gipuzkoako Farmazilarien Elkargo Ofiziala\",\"url\":\"https:\/\/www.cofgipuzkoa.eus\/\",\"logo\":{\"@type\":\"ImageObject\",\"inLanguage\":\"eu-ES\",\"@id\":\"https:\/\/www.cofgipuzkoa.eus\/#\/schema\/logo\/image\/\",\"url\":\"https:\/\/www.cofgipuzkoa.eus\/wp-content\/uploads\/2023\/11\/cofg_logo.png\",\"contentUrl\":\"https:\/\/www.cofgipuzkoa.eus\/wp-content\/uploads\/2023\/11\/cofg_logo.png\",\"width\":112,\"height\":112,\"caption\":\"Colegio Oficial de Farmac\u00e9uticos de Gipuzkoa - Gipuzkoako Farmazilarien Elkargo Ofiziala\"},\"image\":{\"@id\":\"https:\/\/www.cofgipuzkoa.eus\/#\/schema\/logo\/image\/\"},\"sameAs\":[\"https:\/\/x.com\/GipuzkoaCOF\"]}]}<\/script>\n<!-- \/ Yoast SEO plugin. -->","yoast_head_json":{"title":"Berri Berriak - Gipuzkoako Farmazialarien Elkargoa","description":"Eguneratu Gipuzkoako Elkargoko azken berri, gertakizun eta gure komunitaterako garrantzitsuen eguneratzeekin.","robots":{"index":"index","follow":"follow","max-snippet":"max-snippet:-1","max-image-preview":"max-image-preview:large","max-video-preview":"max-video-preview:-1"},"canonical":"https:\/\/www.cofgipuzkoa.eus\/eu\/listado-de-noticias-eu\/","og_locale":"eu_ES","og_type":"article","og_title":"Berri Berriak - Gipuzkoako Farmazialarien Elkargoa","og_description":"Eguneratu Gipuzkoako Elkargoko azken berri, gertakizun eta gure komunitaterako garrantzitsuen eguneratzeekin.","og_url":"https:\/\/www.cofgipuzkoa.eus\/eu\/listado-de-noticias-eu\/","og_site_name":"Colegio Oficial de Farmac\u00e9uticos de Gipuzkoa - Gipuzkoako Farmazilarien Elkargo Ofiziala","article_modified_time":"2024-01-02T09:16:32+00:00","og_image":[{"width":1200,"height":675,"url":"https:\/\/www.cofgipuzkoa.eus\/wp-content\/uploads\/2023\/12\/cofg.jpg","type":"image\/jpeg"}],"twitter_card":"summary_large_image","twitter_site":"@GipuzkoaCOF","schema":{"@context":"https:\/\/schema.org","@graph":[{"@type":"WebPage","@id":"https:\/\/www.cofgipuzkoa.eus\/eu\/listado-de-noticias-eu\/","url":"https:\/\/www.cofgipuzkoa.eus\/eu\/listado-de-noticias-eu\/","name":"Berri Berriak - Gipuzkoako Farmazialarien Elkargoa","isPartOf":{"@id":"https:\/\/www.cofgipuzkoa.eus\/#website"},"datePublished":"2021-03-10T15:36:00+00:00","dateModified":"2024-01-02T09:16:32+00:00","description":"Eguneratu Gipuzkoako Elkargoko azken berri, gertakizun eta gure komunitaterako garrantzitsuen eguneratzeekin.","breadcrumb":{"@id":"https:\/\/www.cofgipuzkoa.eus\/eu\/listado-de-noticias-eu\/#breadcrumb"},"inLanguage":"eu-ES","potentialAction":[{"@type":"ReadAction","target":["https:\/\/www.cofgipuzkoa.eus\/eu\/listado-de-noticias-eu\/"]}]},{"@type":"BreadcrumbList","@id":"https:\/\/www.cofgipuzkoa.eus\/eu\/listado-de-noticias-eu\/#breadcrumb","itemListElement":[{"@type":"ListItem","position":1,"name":"Home","item":"https:\/\/www.cofgipuzkoa.eus\/eu\/"},{"@type":"ListItem","position":2,"name":"Berriak"}]},{"@type":"WebSite","@id":"https:\/\/www.cofgipuzkoa.eus\/#website","url":"https:\/\/www.cofgipuzkoa.eus\/","name":"Colegio Oficial de Farmac\u00e9uticos de Gipuzkoa - Gipuzkoako Farmazilarien Elkargo Ofiziala","description":"Colegio Oficial de Farmac\u00e9uticos de Gipuzkoa - Gipuzkoako Farmazilarien Elkargo Ofiziala","publisher":{"@id":"https:\/\/www.cofgipuzkoa.eus\/#organization"},"potentialAction":[{"@type":"SearchAction","target":{"@type":"EntryPoint","urlTemplate":"https:\/\/www.cofgipuzkoa.eus\/?s={search_term_string}"},"query-input":"required name=search_term_string"}],"inLanguage":"eu-ES"},{"@type":"Organization","@id":"https:\/\/www.cofgipuzkoa.eus\/#organization","name":"Colegio Oficial de Farmac\u00e9uticos de Gipuzkoa - Gipuzkoako Farmazilarien Elkargo Ofiziala","url":"https:\/\/www.cofgipuzkoa.eus\/","logo":{"@type":"ImageObject","inLanguage":"eu-ES","@id":"https:\/\/www.cofgipuzkoa.eus\/#\/schema\/logo\/image\/","url":"https:\/\/www.cofgipuzkoa.eus\/wp-content\/uploads\/2023\/11\/cofg_logo.png","contentUrl":"https:\/\/www.cofgipuzkoa.eus\/wp-content\/uploads\/2023\/11\/cofg_logo.png","width":112,"height":112,"caption":"Colegio Oficial de Farmac\u00e9uticos de Gipuzkoa - Gipuzkoako Farmazilarien Elkargo Ofiziala"},"image":{"@id":"https:\/\/www.cofgipuzkoa.eus\/#\/schema\/logo\/image\/"},"sameAs":["https:\/\/x.com\/GipuzkoaCOF"]}]}},"publishpress_future_action":{"enabled":false,"date":"2026-04-24 08:58:22","action":"change-status","newStatus":"draft","terms":[],"taxonomy":"translation_priority"},"_links":{"self":[{"href":"https:\/\/www.cofgipuzkoa.eus\/eu\/wp-json\/wp\/v2\/pages\/15550"}],"collection":[{"href":"https:\/\/www.cofgipuzkoa.eus\/eu\/wp-json\/wp\/v2\/pages"}],"about":[{"href":"https:\/\/www.cofgipuzkoa.eus\/eu\/wp-json\/wp\/v2\/types\/page"}],"author":[{"embeddable":true,"href":"https:\/\/www.cofgipuzkoa.eus\/eu\/wp-json\/wp\/v2\/users\/1107"}],"replies":[{"embeddable":true,"href":"https:\/\/www.cofgipuzkoa.eus\/eu\/wp-json\/wp\/v2\/comments?post=15550"}],"version-history":[{"count":1,"href":"https:\/\/www.cofgipuzkoa.eus\/eu\/wp-json\/wp\/v2\/pages\/15550\/revisions"}],"predecessor-version":[{"id":21364,"href":"https:\/\/www.cofgipuzkoa.eus\/eu\/wp-json\/wp\/v2\/pages\/15550\/revisions\/21364"}],"wp:attachment":[{"href":"https:\/\/www.cofgipuzkoa.eus\/eu\/wp-json\/wp\/v2\/media?parent=15550"}],"curies":[{"name":"wp","href":"https:\/\/api.w.org\/{rel}","templated":true}]}}