{"id":15016,"date":"2021-02-24T12:42:03","date_gmt":"2021-02-24T11:42:03","guid":{"rendered":"https:\/\/cofg.merkatu.info\/?page_id=15016"},"modified":"2024-01-02T10:53:29","modified_gmt":"2024-01-02T09:53:29","slug":"farmazia-asistentziala-farmazia-arretako-zerbitzuak","status":"publish","type":"page","link":"https:\/\/www.cofgipuzkoa.eus\/eu\/zerbitzu-profesionalak\/farmazia-asistentziala-farmazia-arretako-zerbitzuak\/","title":{"rendered":"Arreta farmazeutikoko zerbitzuak"},"content":{"rendered":"<div class=\"wpb-content-wrapper\"><p>[vc_row class=&#8221;pageContenido&#8221;][vc_column width=&#8221;1\/1&#8243;]<h2 class=\"headline font-inherit fontsize-inherit fontweight-inherit lh-inherit align-center transform-inherit titulo_pagina\" style=\"margin: 0 0 20px 0;\">Arreta Farmazeutikoko zerbitzuak<\/h2>[vc_column_text]Farmazialari batek farmazia komunitariotik garatutako osasun ekintzak; bere gaitasun profesionalak gaixotasunen prebentziorako eta biztanleriaren hala nola medikamentu eta osasun produktu hartzaileen osasunaren hobekuntzarako erabiliko ditu, tratamenduen erabilera prozesua eta emaitzak optimizatzeko jokabide aktiboa izanik. Ekintza horiek, osasun sistemaren helburu orokorrekin lerrokatuta, izaera propioa dute, bere ebaluaketa eta ordainketa ahalbidetzen dituzten definizioa, helburuak, prozedurak eta dokumentazio sistemak lagun, bere unibertsaltasuna, iraunkortasuna eta jasangarritasuna bermatzeko.[\/vc_column_text][\/vc_column][\/vc_row][vc_section full_width=&#8221;stretch_row&#8221; el_id=&#8221;seccionVentajasColegiado&#8221; css=&#8221;.vc_custom_1614168121954{background: #fef5fb url(https:\/\/www.cofgipuzkoa.eus\/wp-content\/uploads\/2020\/09\/deco-section-rosa.jpg?id=14292) !important;background-position: center !important;background-repeat: no-repeat !important;background-size: cover !important;}&#8221;][vc_row class=&#8221;bloqueKeypoints morado servicios&#8221;][vc_column width=&#8221;1\/1&#8243;]<h2 class=\"headline font-inherit fontsize-inherit fontweight-inherit lh-inherit align-center transform-inherit titulo_pagina\" style=\"margin: 0 0 20px 0;\">Gure zerbitzuak<\/h2>[vc_row_inner el_class=&#8221;margenKeypoints&#8221;][vc_column_inner width=&#8221;1\/3&#8243;]<div onclick=\"location.href='https:\/\/www.cofgipuzkoa.eus\/eu\/banaketa\/';\" style=\"cursor:pointer;\"><div class=\"iconbox iconbox wpb_content_element iconbox-style-3 icon-color-accent color-dark\"><img src='https:\/\/www.cofgipuzkoa.eus\/wp-content\/uploads\/2020\/10\/dispensacion.svg' class='iconimg' alt='Dispentsazioa' \/><h3>Dispentsazioa<\/h3><p><\/p><\/div><\/div>[\/vc_column_inner][vc_column_inner width=&#8221;1\/3&#8243;]<div onclick=\"location.href='https:\/\/www.cofgipuzkoa.eus\/eu\/adierazpena\/';\" style=\"cursor:pointer;\"><div class=\"iconbox iconbox wpb_content_element iconbox-style-3 icon-color-accent color-dark\"><img src='https:\/\/www.cofgipuzkoa.eus\/wp-content\/uploads\/2020\/10\/indicacion.svg' class='iconimg' alt='Indikazioa' \/><h3>Indikazioa<\/h3><p><\/p><\/div><\/div>[\/vc_column_inner][vc_column_inner width=&#8221;1\/3&#8243;]<div onclick=\"location.href='https:\/\/www.cofgipuzkoa.eus\/eu\/desadostasunen-detekzioa\/';\" style=\"cursor:pointer;\"><div class=\"iconbox iconbox wpb_content_element iconbox-style-3 icon-color-accent color-dark\"><img src='https:\/\/www.cofgipuzkoa.eus\/wp-content\/uploads\/2020\/10\/discrepancias.svg' class='iconimg' alt='Desadostasunen detekzioa' \/><h3>Desadostasunen detekzioa<\/h3><p><\/p><\/div><\/div>[\/vc_column_inner][\/vc_row_inner][vc_row_inner][vc_column_inner width=&#8221;1\/3&#8243;]<div onclick=\"location.href='https:\/\/www.cofgipuzkoa.eus\/eu\/atxikidura-terapeutikoa\/';\" style=\"cursor:pointer;\"><div class=\"iconbox iconbox wpb_content_element iconbox-style-3 icon-color-accent color-dark\"><img src='https:\/\/www.cofgipuzkoa.eus\/wp-content\/uploads\/2020\/10\/adherencia.svg' class='iconimg' alt='Atxikidura terapeutikoa' \/><h3>Atxikidura terapeutikoa<\/h3><p><\/p><\/div><\/div>[\/vc_column_inner][vc_column_inner width=&#8221;1\/3&#8243;]<div onclick=\"location.href='https:\/\/www.cofgipuzkoa.eus\/eu\/medikamentuen-erabileraren-hobekuntza-etxez-etxeko-laguntza-zerbitzuan\/';\" style=\"cursor:pointer;\"><div class=\"iconbox iconbox wpb_content_element iconbox-style-3 icon-color-accent color-dark\"><img src='https:\/\/www.cofgipuzkoa.eus\/wp-content\/uploads\/2020\/10\/MUMSAD.svg' class='iconimg' alt='Medikamentuen Erabileraren Hobekuntza Etxez Etxeko Laguntza Zerbitzuan' \/><h3>Medikamentuen Erabileraren Hobekuntza Etxez Etxeko Laguntza Zerbitzuan<\/h3><p><\/p><\/div><\/div>[\/vc_column_inner][vc_column_inner width=&#8221;1\/3&#8243;]<div onclick=\"location.href='https:\/\/www.cofgipuzkoa.eus\/eu\/maisu-formulazioa\/';\" style=\"cursor:pointer;\"><div class=\"iconbox iconbox wpb_content_element iconbox-style-3 icon-color-accent color-dark\"><img src='https:\/\/www.cofgipuzkoa.eus\/wp-content\/uploads\/2020\/10\/formulacion-magistral.svg' class='iconimg' alt='Maisu formulazioa' \/><h3>Maisu formulazioa<\/h3><p><\/p><\/div><\/div>[\/vc_column_inner][\/vc_row_inner][vc_row_inner][vc_column_inner width=&#8221;1\/3&#8243;]<div onclick=\"location.href='https:\/\/www.cofgipuzkoa.eus\/eu\/jarraipen-farmakoterapeutikoa\/';\" style=\"cursor:pointer;\"><div class=\"iconbox iconbox wpb_content_element iconbox-style-3 icon-color-accent color-dark\"><img src='https:\/\/www.cofgipuzkoa.eus\/wp-content\/uploads\/2020\/10\/SAF.svg' class='iconimg' alt='Jarraipen Farmakoterapeutikoa' \/><h3>Jarraipen Farmakoterapeutikoa<\/h3><p><\/p><\/div><\/div>[\/vc_column_inner][vc_column_inner width=&#8221;1\/3&#8243;]<div onclick=\"location.href='https:\/\/www.cofgipuzkoa.eus\/eu\/komunikazioa\/';\" style=\"cursor:pointer;\"><div class=\"iconbox iconbox wpb_content_element iconbox-style-3 icon-color-accent color-dark\"><img src='https:\/\/www.cofgipuzkoa.eus\/wp-content\/uploads\/2020\/10\/comunicacion.svg' class='iconimg' alt='Komunikazioa' \/><h3>Komunikazioa<\/h3><p><\/p><\/div><\/div>[\/vc_column_inner][vc_column_inner width=&#8221;1\/3&#8243;]<div onclick=\"location.href='https:\/\/www.cofgipuzkoa.eus\/eu\/farmakozaintza-alertak\/';\" style=\"cursor:pointer;\"><div class=\"iconbox iconbox wpb_content_element iconbox-style-3 icon-color-accent color-dark\"><img src='https:\/\/www.cofgipuzkoa.eus\/wp-content\/uploads\/2020\/10\/vigilancia.svg' class='iconimg' alt='Farmakozaintza' \/><h3>Farmakozaintza<\/h3><p><\/p><\/div><\/div>[\/vc_column_inner][\/vc_row_inner][\/vc_column][\/vc_row][\/vc_section][vc_section disable_element=&#8221;yes&#8221;][vc_row class=&#8221;verde pageContenido&#8221;][vc_column width=&#8221;1\/1&#8243;]<h2 class=\"headline font-inherit fontsize-inherit fontweight-inherit lh-inherit align-center transform-inherit titulo_pagina\" style=\"margin: 0 0 20px 0;\">\u00bfC\u00f3mo se reconoce una farmacia amigable?<\/h2>[vc_column_text]<\/p>\n<p style=\"text-align: center;\">Se reconocen por el distintivo publicado en el cabecero de esta noticia. Y con las alfombrillas con la que dan la bienvenida a la Farmacia Amigable. Adem\u00e1s, tienen a su disposici\u00f3n unos tr\u00edpticos donde se explica la iniciativa y se recogen los compromisos que la farmacia ha adquirido.<\/p>\n<p>&nbsp;<\/p>\n<table border=\"0\" width=\"100%\" cellspacing=\"0\" cellpadding=\"0\">\n<tbody>\n<tr>\n<td headers=\"Farmacia\">Farmacia Arnedo Lopez, Cristina<\/td>\n<td headers=\"Farmacia\">Farmacia Cilveti Sanches Usua<\/td>\n<td headers=\"Farmacia\">Farmacia Garcia Peinado<\/td>\n<\/tr>\n<tr>\n<td headers=\"Farmacia\">Farmacia Azpilicueta<\/td>\n<td headers=\"Farmacia\">Farmacia Curtu Masse, Pablo Andres<\/td>\n<td headers=\"Farmacia\">Farmacia Garmendia Rezol<\/td>\n<\/tr>\n<tr>\n<td headers=\"Farmacia\">Farmacia Camino Iruretagoyena<\/td>\n<td headers=\"Farmacia\">Farmacia Garcia Garcia Raquel<\/td>\n<td headers=\"Farmacia\">Farmacia Gastelurrieta Garralda<\/td>\n<\/tr>\n<\/tbody>\n<\/table>\n<p>[\/vc_column_text][vc_row_inner el_class=&#8221;align-center&#8221;][vc_column_inner]<a href=\"https:\/\/www.cofgipuzkoa.eus\/ciudadano\/farmacias-gipuzkoa\/listado-de-farmacias-y-servicios\/\" target=\"_self\" class=\"button color-3 medium align_center\" style=\"border-radius: 2px;\">Ver farmacias<\/a>[\/vc_column_inner][\/vc_row_inner][\/vc_column][\/vc_row][\/vc_section]<\/p>\n<\/div>","protected":false},"excerpt":{"rendered":"<p>[vc_row class=&#8221;pageContenido&#8221;][vc_column width=&#8221;1\/1&#8243;][vc_column_text]Farmazialari batek farmazia komunitariotik garatutako osasun ekintzak; bere gaitasun profesionalak gaixotasunen prebentziorako eta biztanleriaren hala nola medikamentu eta osasun produktu hartzaileen osasunaren hobekuntzarako erabiliko ditu, tratamenduen erabilera prozesua eta emaitzak optimizatzeko jokabide aktiboa izanik. Ekintza horiek, osasun sistemaren helburu orokorrekin lerrokatuta, izaera propioa dute, bere ebaluaketa eta ordainketa ahalbidetzen dituzten definizioa, helburuak, prozedurak eta dokumentazio sistemak lagun, bere unibertsaltasuna, iraunkortasuna eta jasangarritasuna bermatzeko.[\/vc_column_text][\/vc_column][\/vc_row][vc_section full_width=&#8221;stretch_row&#8221; el_id=&#8221;seccionVentajasColegiado&#8221; css=&#8221;.vc_custom_1614168121954{background: #fef5fb url(https:\/\/www.cofgipuzkoa.eus\/wp-content\/uploads\/2020\/09\/deco-section-rosa.jpg?id=14292) !important;background-position: center !important;background-repeat: no-repeat !important;background-size: cover !important;}&#8221;][vc_row class=&#8221;bloqueKeypoints morado servicios&#8221;][vc_column width=&#8221;1\/1&#8243;][vc_row_inner el_class=&#8221;margenKeypoints&#8221;][vc_column_inner width=&#8221;1\/3&#8243;][\/vc_column_inner][vc_column_inner width=&#8221;1\/3&#8243;][\/vc_column_inner][vc_column_inner width=&#8221;1\/3&#8243;][\/vc_column_inner][\/vc_row_inner][vc_row_inner][vc_column_inner width=&#8221;1\/3&#8243;][\/vc_column_inner][vc_column_inner width=&#8221;1\/3&#8243;][\/vc_column_inner][vc_column_inner width=&#8221;1\/3&#8243;][\/vc_column_inner][\/vc_row_inner][vc_row_inner][vc_column_inner width=&#8221;1\/3&#8243;][\/vc_column_inner][vc_column_inner width=&#8221;1\/3&#8243;][\/vc_column_inner][vc_column_inner width=&#8221;1\/3&#8243;][\/vc_column_inner][\/vc_row_inner][\/vc_column][\/vc_row][\/vc_section][vc_section disable_element=&#8221;yes&#8221;][vc_row class=&#8221;verde pageContenido&#8221;][vc_column width=&#8221;1\/1&#8243;][vc_column_text] Se reconocen por el distintivo publicado en el cabecero de esta noticia. Y con las alfombrillas con la que dan la bienvenida a la Farmacia Amigable. Adem\u00e1s, tienen a su disposici\u00f3n unos tr\u00edpticos donde se explica la iniciativa y se recogen los compromisos que la farmacia ha adquirido. &nbsp; Farmacia Arnedo Lopez, Cristina Farmacia Cilveti Sanches Usua Farmacia Garcia Peinado Farmacia Azpilicueta Farmacia Curtu Masse, Pablo Andres Farmacia Garmendia Rezol Farmacia Camino Iruretagoyena Farmacia Garcia Garcia Raquel Farmacia Gastelurrieta Garralda [\/vc_column_text][vc_row_inner el_class=&#8221;align-center&#8221;][vc_column_inner][\/vc_column_inner][\/vc_row_inner][\/vc_column][\/vc_row][\/vc_section]<\/p>\n","protected":false},"author":1107,"featured_media":0,"parent":15669,"menu_order":0,"comment_status":"closed","ping_status":"closed","template":"","meta":{"_acf_changed":false,"om_disable_all_campaigns":false,"footnotes":""},"class_list":["post-15016","page","type-page","status-publish","hentry"],"acf":[],"yoast_head":"<!-- This site is optimized with the Yoast SEO plugin v23.1 - https:\/\/yoast.com\/wordpress\/plugins\/seo\/ -->\n<title>Farmazia Arreta Aurreratua - Gipuzkoako Farmazialarien Elkargoa<\/title>\n<meta name=\"description\" content=\"Ezagutu Elkargoko farmazia arreta, osasun prebentzioan eta hobekuntzan; kalitate eta eraginkortasunezko tratamenduak.\" \/>\n<meta name=\"robots\" content=\"index, follow, max-snippet:-1, max-image-preview:large, max-video-preview:-1\" \/>\n<link rel=\"canonical\" href=\"https:\/\/www.cofgipuzkoa.eus\/eu\/zerbitzu-profesionalak\/farmazia-asistentziala-farmazia-arretako-zerbitzuak\/\" \/>\n<meta property=\"og:locale\" content=\"eu_ES\" \/>\n<meta property=\"og:type\" content=\"article\" \/>\n<meta property=\"og:title\" content=\"Farmazia Arreta Aurreratua - Gipuzkoako Farmazialarien Elkargoa\" \/>\n<meta property=\"og:description\" content=\"Ezagutu Elkargoko farmazia arreta, osasun prebentzioan eta hobekuntzan; kalitate eta eraginkortasunezko tratamenduak.\" \/>\n<meta property=\"og:url\" content=\"https:\/\/www.cofgipuzkoa.eus\/eu\/zerbitzu-profesionalak\/farmazia-asistentziala-farmazia-arretako-zerbitzuak\/\" \/>\n<meta property=\"og:site_name\" content=\"Colegio Oficial de Farmac\u00e9uticos de Gipuzkoa - Gipuzkoako Farmazilarien Elkargo Ofiziala\" \/>\n<meta property=\"article:modified_time\" content=\"2024-01-02T09:53:29+00:00\" \/>\n<meta property=\"og:image\" content=\"https:\/\/www.cofgipuzkoa.eus\/wp-content\/uploads\/2023\/12\/cofg.jpg\" \/>\n\t<meta property=\"og:image:width\" content=\"1200\" \/>\n\t<meta property=\"og:image:height\" content=\"675\" \/>\n\t<meta property=\"og:image:type\" content=\"image\/jpeg\" \/>\n<meta name=\"twitter:card\" content=\"summary_large_image\" \/>\n<meta name=\"twitter:site\" content=\"@GipuzkoaCOF\" \/>\n<meta name=\"twitter:label1\" content=\"Est. reading time\" \/>\n\t<meta name=\"twitter:data1\" content=\"3 minutes\" \/>\n<script type=\"application\/ld+json\" class=\"yoast-schema-graph\">{\"@context\":\"https:\/\/schema.org\",\"@graph\":[{\"@type\":\"WebPage\",\"@id\":\"https:\/\/www.cofgipuzkoa.eus\/eu\/zerbitzu-profesionalak\/farmazia-asistentziala-farmazia-arretako-zerbitzuak\/\",\"url\":\"https:\/\/www.cofgipuzkoa.eus\/eu\/zerbitzu-profesionalak\/farmazia-asistentziala-farmazia-arretako-zerbitzuak\/\",\"name\":\"Farmazia Arreta Aurreratua - Gipuzkoako Farmazialarien Elkargoa\",\"isPartOf\":{\"@id\":\"https:\/\/www.cofgipuzkoa.eus\/#website\"},\"datePublished\":\"2021-02-24T11:42:03+00:00\",\"dateModified\":\"2024-01-02T09:53:29+00:00\",\"description\":\"Ezagutu Elkargoko farmazia arreta, osasun prebentzioan eta hobekuntzan; kalitate eta eraginkortasunezko tratamenduak.\",\"breadcrumb\":{\"@id\":\"https:\/\/www.cofgipuzkoa.eus\/eu\/zerbitzu-profesionalak\/farmazia-asistentziala-farmazia-arretako-zerbitzuak\/#breadcrumb\"},\"inLanguage\":\"eu-ES\",\"potentialAction\":[{\"@type\":\"ReadAction\",\"target\":[\"https:\/\/www.cofgipuzkoa.eus\/eu\/zerbitzu-profesionalak\/farmazia-asistentziala-farmazia-arretako-zerbitzuak\/\"]}]},{\"@type\":\"BreadcrumbList\",\"@id\":\"https:\/\/www.cofgipuzkoa.eus\/eu\/zerbitzu-profesionalak\/farmazia-asistentziala-farmazia-arretako-zerbitzuak\/#breadcrumb\",\"itemListElement\":[{\"@type\":\"ListItem\",\"position\":1,\"name\":\"Home\",\"item\":\"https:\/\/www.cofgipuzkoa.eus\/eu\/\"},{\"@type\":\"ListItem\",\"position\":2,\"name\":\"Zerbitzu profesionalak\",\"item\":\"https:\/\/www.cofgipuzkoa.eus\/eu\/zerbitzu-profesionalak\/\"},{\"@type\":\"ListItem\",\"position\":3,\"name\":\"Arreta farmazeutikoko zerbitzuak\"}]},{\"@type\":\"WebSite\",\"@id\":\"https:\/\/www.cofgipuzkoa.eus\/#website\",\"url\":\"https:\/\/www.cofgipuzkoa.eus\/\",\"name\":\"Colegio Oficial de Farmac\u00e9uticos de Gipuzkoa - Gipuzkoako Farmazilarien Elkargo Ofiziala\",\"description\":\"Colegio Oficial de Farmac\u00e9uticos de Gipuzkoa - Gipuzkoako Farmazilarien Elkargo Ofiziala\",\"publisher\":{\"@id\":\"https:\/\/www.cofgipuzkoa.eus\/#organization\"},\"potentialAction\":[{\"@type\":\"SearchAction\",\"target\":{\"@type\":\"EntryPoint\",\"urlTemplate\":\"https:\/\/www.cofgipuzkoa.eus\/?s={search_term_string}\"},\"query-input\":\"required name=search_term_string\"}],\"inLanguage\":\"eu-ES\"},{\"@type\":\"Organization\",\"@id\":\"https:\/\/www.cofgipuzkoa.eus\/#organization\",\"name\":\"Colegio Oficial de Farmac\u00e9uticos de Gipuzkoa - Gipuzkoako Farmazilarien Elkargo Ofiziala\",\"url\":\"https:\/\/www.cofgipuzkoa.eus\/\",\"logo\":{\"@type\":\"ImageObject\",\"inLanguage\":\"eu-ES\",\"@id\":\"https:\/\/www.cofgipuzkoa.eus\/#\/schema\/logo\/image\/\",\"url\":\"https:\/\/www.cofgipuzkoa.eus\/wp-content\/uploads\/2023\/11\/cofg_logo.png\",\"contentUrl\":\"https:\/\/www.cofgipuzkoa.eus\/wp-content\/uploads\/2023\/11\/cofg_logo.png\",\"width\":112,\"height\":112,\"caption\":\"Colegio Oficial de Farmac\u00e9uticos de Gipuzkoa - Gipuzkoako Farmazilarien Elkargo Ofiziala\"},\"image\":{\"@id\":\"https:\/\/www.cofgipuzkoa.eus\/#\/schema\/logo\/image\/\"},\"sameAs\":[\"https:\/\/x.com\/GipuzkoaCOF\"]}]}<\/script>\n<!-- \/ Yoast SEO plugin. -->","yoast_head_json":{"title":"Farmazia Arreta Aurreratua - Gipuzkoako Farmazialarien Elkargoa","description":"Ezagutu Elkargoko farmazia arreta, osasun prebentzioan eta hobekuntzan; kalitate eta eraginkortasunezko tratamenduak.","robots":{"index":"index","follow":"follow","max-snippet":"max-snippet:-1","max-image-preview":"max-image-preview:large","max-video-preview":"max-video-preview:-1"},"canonical":"https:\/\/www.cofgipuzkoa.eus\/eu\/zerbitzu-profesionalak\/farmazia-asistentziala-farmazia-arretako-zerbitzuak\/","og_locale":"eu_ES","og_type":"article","og_title":"Farmazia Arreta Aurreratua - Gipuzkoako Farmazialarien Elkargoa","og_description":"Ezagutu Elkargoko farmazia arreta, osasun prebentzioan eta hobekuntzan; kalitate eta eraginkortasunezko tratamenduak.","og_url":"https:\/\/www.cofgipuzkoa.eus\/eu\/zerbitzu-profesionalak\/farmazia-asistentziala-farmazia-arretako-zerbitzuak\/","og_site_name":"Colegio Oficial de Farmac\u00e9uticos de Gipuzkoa - Gipuzkoako Farmazilarien Elkargo Ofiziala","article_modified_time":"2024-01-02T09:53:29+00:00","og_image":[{"width":1200,"height":675,"url":"https:\/\/www.cofgipuzkoa.eus\/wp-content\/uploads\/2023\/12\/cofg.jpg","type":"image\/jpeg"}],"twitter_card":"summary_large_image","twitter_site":"@GipuzkoaCOF","twitter_misc":{"Est. reading time":"3 minutes"},"schema":{"@context":"https:\/\/schema.org","@graph":[{"@type":"WebPage","@id":"https:\/\/www.cofgipuzkoa.eus\/eu\/zerbitzu-profesionalak\/farmazia-asistentziala-farmazia-arretako-zerbitzuak\/","url":"https:\/\/www.cofgipuzkoa.eus\/eu\/zerbitzu-profesionalak\/farmazia-asistentziala-farmazia-arretako-zerbitzuak\/","name":"Farmazia Arreta Aurreratua - Gipuzkoako Farmazialarien Elkargoa","isPartOf":{"@id":"https:\/\/www.cofgipuzkoa.eus\/#website"},"datePublished":"2021-02-24T11:42:03+00:00","dateModified":"2024-01-02T09:53:29+00:00","description":"Ezagutu Elkargoko farmazia arreta, osasun prebentzioan eta hobekuntzan; kalitate eta eraginkortasunezko tratamenduak.","breadcrumb":{"@id":"https:\/\/www.cofgipuzkoa.eus\/eu\/zerbitzu-profesionalak\/farmazia-asistentziala-farmazia-arretako-zerbitzuak\/#breadcrumb"},"inLanguage":"eu-ES","potentialAction":[{"@type":"ReadAction","target":["https:\/\/www.cofgipuzkoa.eus\/eu\/zerbitzu-profesionalak\/farmazia-asistentziala-farmazia-arretako-zerbitzuak\/"]}]},{"@type":"BreadcrumbList","@id":"https:\/\/www.cofgipuzkoa.eus\/eu\/zerbitzu-profesionalak\/farmazia-asistentziala-farmazia-arretako-zerbitzuak\/#breadcrumb","itemListElement":[{"@type":"ListItem","position":1,"name":"Home","item":"https:\/\/www.cofgipuzkoa.eus\/eu\/"},{"@type":"ListItem","position":2,"name":"Zerbitzu profesionalak","item":"https:\/\/www.cofgipuzkoa.eus\/eu\/zerbitzu-profesionalak\/"},{"@type":"ListItem","position":3,"name":"Arreta farmazeutikoko zerbitzuak"}]},{"@type":"WebSite","@id":"https:\/\/www.cofgipuzkoa.eus\/#website","url":"https:\/\/www.cofgipuzkoa.eus\/","name":"Colegio Oficial de Farmac\u00e9uticos de Gipuzkoa - Gipuzkoako Farmazilarien Elkargo Ofiziala","description":"Colegio Oficial de Farmac\u00e9uticos de Gipuzkoa - Gipuzkoako Farmazilarien Elkargo Ofiziala","publisher":{"@id":"https:\/\/www.cofgipuzkoa.eus\/#organization"},"potentialAction":[{"@type":"SearchAction","target":{"@type":"EntryPoint","urlTemplate":"https:\/\/www.cofgipuzkoa.eus\/?s={search_term_string}"},"query-input":"required name=search_term_string"}],"inLanguage":"eu-ES"},{"@type":"Organization","@id":"https:\/\/www.cofgipuzkoa.eus\/#organization","name":"Colegio Oficial de Farmac\u00e9uticos de Gipuzkoa - Gipuzkoako Farmazilarien Elkargo Ofiziala","url":"https:\/\/www.cofgipuzkoa.eus\/","logo":{"@type":"ImageObject","inLanguage":"eu-ES","@id":"https:\/\/www.cofgipuzkoa.eus\/#\/schema\/logo\/image\/","url":"https:\/\/www.cofgipuzkoa.eus\/wp-content\/uploads\/2023\/11\/cofg_logo.png","contentUrl":"https:\/\/www.cofgipuzkoa.eus\/wp-content\/uploads\/2023\/11\/cofg_logo.png","width":112,"height":112,"caption":"Colegio Oficial de Farmac\u00e9uticos de Gipuzkoa - Gipuzkoako Farmazilarien Elkargo Ofiziala"},"image":{"@id":"https:\/\/www.cofgipuzkoa.eus\/#\/schema\/logo\/image\/"},"sameAs":["https:\/\/x.com\/GipuzkoaCOF"]}]}},"publishpress_future_action":{"enabled":false,"date":"2026-05-02 17:01:50","action":"change-status","newStatus":"draft","terms":[],"taxonomy":"translation_priority"},"_links":{"self":[{"href":"https:\/\/www.cofgipuzkoa.eus\/eu\/wp-json\/wp\/v2\/pages\/15016"}],"collection":[{"href":"https:\/\/www.cofgipuzkoa.eus\/eu\/wp-json\/wp\/v2\/pages"}],"about":[{"href":"https:\/\/www.cofgipuzkoa.eus\/eu\/wp-json\/wp\/v2\/types\/page"}],"author":[{"embeddable":true,"href":"https:\/\/www.cofgipuzkoa.eus\/eu\/wp-json\/wp\/v2\/users\/1107"}],"replies":[{"embeddable":true,"href":"https:\/\/www.cofgipuzkoa.eus\/eu\/wp-json\/wp\/v2\/comments?post=15016"}],"version-history":[{"count":3,"href":"https:\/\/www.cofgipuzkoa.eus\/eu\/wp-json\/wp\/v2\/pages\/15016\/revisions"}],"predecessor-version":[{"id":21372,"href":"https:\/\/www.cofgipuzkoa.eus\/eu\/wp-json\/wp\/v2\/pages\/15016\/revisions\/21372"}],"up":[{"embeddable":true,"href":"https:\/\/www.cofgipuzkoa.eus\/eu\/wp-json\/wp\/v2\/pages\/15669"}],"wp:attachment":[{"href":"https:\/\/www.cofgipuzkoa.eus\/eu\/wp-json\/wp\/v2\/media?parent=15016"}],"curies":[{"name":"wp","href":"https:\/\/api.w.org\/{rel}","templated":true}]}}